{"id":22,"date":"2020-05-15T22:40:37","date_gmt":"2020-05-15T20:40:37","guid":{"rendered":"http:\/\/nnu.9f8.mywebsitetransfer.com\/?page_id=22"},"modified":"2026-03-20T23:22:33","modified_gmt":"2026-03-20T22:22:33","slug":"inicio","status":"publish","type":"page","link":"https:\/\/magoequity.es\/en\/","title":{"rendered":"Home"},"content":{"rendered":"<p><div class=\"fusion-fullwidth fullwidth-box fusion-builder-row-1 fusion-flex-container has-pattern-background has-mask-background fusion-parallax-none nonhundred-percent-fullwidth non-hundred-percent-height-scrolling hp-cover\" style=\"--awb-border-radius-top-left:0px;--awb-border-radius-top-right:0px;--awb-border-radius-bottom-right:0px;--awb-border-radius-bottom-left:0px;--awb-background-image:url(&quot;https:\/\/magoequity.es\/wp-content\/uploads\/2020\/05\/hp-cover-bg.png&quot;);--awb-background-size:cover;--awb-flex-wrap:wrap;\" ><div class=\"fusion-builder-row fusion-row fusion-flex-align-items-flex-start fusion-flex-content-wrap\" style=\"max-width:1248px;margin-left: calc(-4% \/ 2 );margin-right: calc(-4% \/ 2 );\"><div class=\"fusion-layout-column fusion_builder_column fusion-builder-column-0 fusion_builder_column_1_1 1_1 fusion-flex-column\" style=\"--awb-bg-size:cover;--awb-width-large:100%;--awb-margin-top-large:0px;--awb-spacing-right-large:1.92%;--awb-margin-bottom-large:20px;--awb-spacing-left-large:1.92%;--awb-width-medium:100%;--awb-spacing-right-medium:1.92%;--awb-spacing-left-medium:1.92%;--awb-width-small:100%;--awb-spacing-right-small:1.92%;--awb-spacing-left-small:1.92%;\"><div class=\"fusion-column-wrapper fusion-column-has-shadow fusion-flex-justify-content-flex-start fusion-content-layout-column\"><\/div><\/div><div class=\"fusion-layout-column fusion_builder_column fusion-builder-column-1 fusion_builder_column_1_1 1_1 fusion-flex-column fusion-no-small-visibility\" style=\"--awb-bg-size:cover;--awb-width-large:100%;--awb-margin-top-large:0px;--awb-spacing-right-large:1.92%;--awb-margin-bottom-large:20px;--awb-spacing-left-large:1.92%;--awb-width-medium:100%;--awb-spacing-right-medium:1.92%;--awb-spacing-left-medium:1.92%;--awb-width-small:100%;--awb-spacing-right-small:1.92%;--awb-spacing-left-small:1.92%;\"><div class=\"fusion-column-wrapper fusion-column-has-shadow fusion-flex-justify-content-flex-start fusion-content-layout-column\"><div class=\"fusion-text fusion-text-1\"><p style=\"text-align: center;\"><img decoding=\"async\" class=\"alignnone size-full wp-image-23\" src=\"http:\/\/nnu.9f8.mywebsitetransfer.com\/wp-content\/uploads\/2020\/05\/Logo_MagoEquity_medium-Copy.png\" alt=\"\" width=\"740\" height=\"135\" srcset=\"https:\/\/magoequity.es\/wp-content\/uploads\/2020\/05\/Logo_MagoEquity_medium-Copy-200x36.png 200w, https:\/\/magoequity.es\/wp-content\/uploads\/2020\/05\/Logo_MagoEquity_medium-Copy-300x55.png 300w, https:\/\/magoequity.es\/wp-content\/uploads\/2020\/05\/Logo_MagoEquity_medium-Copy-400x73.png 400w, https:\/\/magoequity.es\/wp-content\/uploads\/2020\/05\/Logo_MagoEquity_medium-Copy-600x109.png 600w, https:\/\/magoequity.es\/wp-content\/uploads\/2020\/05\/Logo_MagoEquity_medium-Copy.png 740w\" sizes=\"(max-width: 740px) 100vw, 740px\" \/><\/p>\n<h3 style=\"text-align: center;\">Only those businesses that integrate social factors with financial rigor will maintain a competitive advantage.<\/h3>\n<p style=\"text-align: center;\">We invest in the growth of Spanish companies with business models<br \/>\nthat make a positive environmental or social contribution.<\/p>\n<\/div><\/div><\/div><div class=\"fusion-layout-column fusion_builder_column fusion-builder-column-2 fusion_builder_column_1_1 1_1 fusion-flex-column fusion-no-medium-visibility fusion-no-large-visibility\" style=\"--awb-bg-size:cover;--awb-width-large:100%;--awb-margin-top-large:0px;--awb-spacing-right-large:1.92%;--awb-margin-bottom-large:20px;--awb-spacing-left-large:1.92%;--awb-width-medium:100%;--awb-spacing-right-medium:1.92%;--awb-spacing-left-medium:1.92%;--awb-width-small:100%;--awb-spacing-right-small:1.92%;--awb-spacing-left-small:1.92%;\"><div class=\"fusion-column-wrapper fusion-column-has-shadow fusion-flex-justify-content-flex-start fusion-content-layout-column\"><div class=\"fusion-text fusion-text-2\"><h3 style=\"text-align: center;\">Only those businesses that integrate social factors and financial rigor will maintain a competitive advantage.<\/h3>\n<p style=\"text-align: center;\">We invest in Spanish SMEs with sound business models that make a positive environmental or social contribution.<\/p>\n<\/div><\/div><\/div><div class=\"fusion-layout-column fusion_builder_column fusion-builder-column-3 fusion_builder_column_1_2 1_2 fusion-flex-column\" style=\"--awb-bg-size:cover;--awb-width-large:50%;--awb-margin-top-large:0px;--awb-spacing-right-large:3.84%;--awb-margin-bottom-large:20px;--awb-spacing-left-large:3.84%;--awb-width-medium:100%;--awb-spacing-right-medium:1.92%;--awb-spacing-left-medium:1.92%;--awb-width-small:100%;--awb-spacing-right-small:1.92%;--awb-spacing-left-small:1.92%;\"><div class=\"fusion-column-wrapper fusion-flex-justify-content-center fusion-content-layout-column\"><div class=\"fusion-image-element\" style=\"text-align:center;--awb-max-width:200px;--awb-caption-title-font-family:var(--h2_typography-font-family);--awb-caption-title-font-weight:var(--h2_typography-font-weight);--awb-caption-title-font-style:var(--h2_typography-font-style);--awb-caption-title-size:var(--h2_typography-font-size);--awb-caption-title-transform:var(--h2_typography-text-transform);--awb-caption-title-line-height:var(--h2_typography-line-height);--awb-caption-title-letter-spacing:var(--h2_typography-letter-spacing);\"><span class=\"fusion-imageframe imageframe-none imageframe-1 hover-type-none\"><img decoding=\"async\" width=\"611\" height=\"185\" alt=\"Certified B Corporation y PRI\" title=\"pri-bcertf\" src=\"https:\/\/magoequity.es\/wp-content\/uploads\/2022\/11\/pri-bcertf.png\" class=\"img-responsive wp-image-603\" srcset=\"https:\/\/magoequity.es\/wp-content\/uploads\/2022\/11\/pri-bcertf-200x61.png 200w, https:\/\/magoequity.es\/wp-content\/uploads\/2022\/11\/pri-bcertf-400x121.png 400w, https:\/\/magoequity.es\/wp-content\/uploads\/2022\/11\/pri-bcertf-600x182.png 600w, https:\/\/magoequity.es\/wp-content\/uploads\/2022\/11\/pri-bcertf.png 611w\" sizes=\"(max-width: 1024px) 100vw, (max-width: 640px) 100vw, 600px\" \/><\/span><\/div><\/div><\/div><div class=\"fusion-layout-column fusion_builder_column fusion-builder-column-4 fusion_builder_column_1_2 1_2 fusion-flex-column\" style=\"--awb-bg-size:cover;--awb-width-large:50%;--awb-margin-top-large:0px;--awb-spacing-right-large:3.84%;--awb-margin-bottom-large:20px;--awb-spacing-left-large:3.84%;--awb-width-medium:100%;--awb-spacing-right-medium:1.92%;--awb-spacing-left-medium:1.92%;--awb-width-small:100%;--awb-spacing-right-small:1.92%;--awb-spacing-left-small:1.92%;\"><div class=\"fusion-column-wrapper fusion-flex-justify-content-center fusion-content-layout-column\"><div class=\"fusion-image-element\" style=\"text-align:center;--awb-max-width:200px;--awb-caption-title-font-family:var(--h2_typography-font-family);--awb-caption-title-font-weight:var(--h2_typography-font-weight);--awb-caption-title-font-style:var(--h2_typography-font-style);--awb-caption-title-size:var(--h2_typography-font-size);--awb-caption-title-transform:var(--h2_typography-text-transform);--awb-caption-title-line-height:var(--h2_typography-line-height);--awb-caption-title-letter-spacing:var(--h2_typography-letter-spacing);\"><span class=\"fusion-imageframe imageframe-none imageframe-2 hover-type-none\"><img decoding=\"async\" width=\"901\" height=\"781\" alt=\"SpainNAB - Inversi\u00f3n de Impacto\" title=\"SpainNAB_logo\" src=\"https:\/\/magoequity.es\/wp-content\/uploads\/2026\/03\/SpainNAB_logo.png\" class=\"img-responsive wp-image-824\" srcset=\"https:\/\/magoequity.es\/wp-content\/uploads\/2026\/03\/SpainNAB_logo-200x173.png 200w, https:\/\/magoequity.es\/wp-content\/uploads\/2026\/03\/SpainNAB_logo-400x347.png 400w, https:\/\/magoequity.es\/wp-content\/uploads\/2026\/03\/SpainNAB_logo-600x520.png 600w, https:\/\/magoequity.es\/wp-content\/uploads\/2026\/03\/SpainNAB_logo-800x693.png 800w, https:\/\/magoequity.es\/wp-content\/uploads\/2026\/03\/SpainNAB_logo.png 901w\" sizes=\"(max-width: 1024px) 100vw, (max-width: 640px) 100vw, 600px\" \/><\/span><\/div><\/div><\/div><\/div><\/div><div class=\"fusion-fullwidth fullwidth-box fusion-builder-row-2 fusion-flex-container nonhundred-percent-fullwidth non-hundred-percent-height-scrolling\" style=\"--awb-border-radius-top-left:0px;--awb-border-radius-top-right:0px;--awb-border-radius-bottom-right:0px;--awb-border-radius-bottom-left:0px;--awb-padding-right:10%;--awb-padding-left:10%;--awb-margin-top:5%;--awb-flex-wrap:wrap;\" ><div class=\"fusion-builder-row fusion-row fusion-flex-align-items-stretch fusion-flex-content-wrap\" style=\"max-width:1248px;margin-left: calc(-4% \/ 2 );margin-right: calc(-4% \/ 2 );\"><div class=\"fusion-layout-column fusion_builder_column fusion-builder-column-5 fusion_builder_column_1_3 1_3 fusion-flex-column hp-card\" style=\"--awb-bg-size:cover;--awb-width-large:33.333333333333%;--awb-margin-top-large:0px;--awb-spacing-right-large:5.76%;--awb-margin-bottom-large:20px;--awb-spacing-left-large:5.76%;--awb-width-medium:100%;--awb-spacing-right-medium:1.92%;--awb-spacing-left-medium:1.92%;--awb-width-small:100%;--awb-spacing-right-small:1.92%;--awb-spacing-left-small:1.92%;\"><div class=\"fusion-column-wrapper fusion-column-has-shadow fusion-flex-justify-content-flex-start fusion-content-layout-column\"><div class=\"fusion-image-element\" style=\"--awb-caption-title-font-family:var(--h2_typography-font-family);--awb-caption-title-font-weight:var(--h2_typography-font-weight);--awb-caption-title-font-style:var(--h2_typography-font-style);--awb-caption-title-size:var(--h2_typography-font-size);--awb-caption-title-transform:var(--h2_typography-text-transform);--awb-caption-title-line-height:var(--h2_typography-line-height);--awb-caption-title-letter-spacing:var(--h2_typography-letter-spacing);\"><span class=\"fusion-imageframe imageframe-none imageframe-3 hover-type-none\"><img decoding=\"async\" width=\"819\" height=\"327\" title=\"Group 9 (1)\" src=\"http:\/\/nnu.9f8.mywebsitetransfer.com\/wp-content\/uploads\/2020\/05\/Group-9-1.png\" alt class=\"img-responsive wp-image-114\" srcset=\"https:\/\/magoequity.es\/wp-content\/uploads\/2020\/05\/Group-9-1-200x80.png 200w, https:\/\/magoequity.es\/wp-content\/uploads\/2020\/05\/Group-9-1-400x160.png 400w, https:\/\/magoequity.es\/wp-content\/uploads\/2020\/05\/Group-9-1-600x240.png 600w, https:\/\/magoequity.es\/wp-content\/uploads\/2020\/05\/Group-9-1-800x319.png 800w, https:\/\/magoequity.es\/wp-content\/uploads\/2020\/05\/Group-9-1.png 819w\" sizes=\"(max-width: 1024px) 100vw, (max-width: 640px) 100vw, 400px\" \/><\/span><\/div><div class=\"fusion-text fusion-text-3\"><h3>Where we invest<\/h3>\n<p>We put our resources to work to help profitable companies that contribute to the resolution of global challenges in their consolidation, growth and internationalization. Challenges become business opportunities as we build a sustainable future.<\/p>\n<\/div><\/div><\/div><div class=\"fusion-layout-column fusion_builder_column fusion-builder-column-6 fusion_builder_column_1_3 1_3 fusion-flex-column hp-card\" style=\"--awb-bg-size:cover;--awb-width-large:33.333333333333%;--awb-margin-top-large:0px;--awb-spacing-right-large:5.76%;--awb-margin-bottom-large:20px;--awb-spacing-left-large:5.76%;--awb-width-medium:100%;--awb-spacing-right-medium:1.92%;--awb-spacing-left-medium:1.92%;--awb-width-small:100%;--awb-spacing-right-small:1.92%;--awb-spacing-left-small:1.92%;\"><div class=\"fusion-column-wrapper fusion-column-has-shadow fusion-flex-justify-content-flex-start fusion-content-layout-column\"><div class=\"fusion-image-element\" style=\"--awb-caption-title-font-family:var(--h2_typography-font-family);--awb-caption-title-font-weight:var(--h2_typography-font-weight);--awb-caption-title-font-style:var(--h2_typography-font-style);--awb-caption-title-size:var(--h2_typography-font-size);--awb-caption-title-transform:var(--h2_typography-text-transform);--awb-caption-title-line-height:var(--h2_typography-line-height);--awb-caption-title-letter-spacing:var(--h2_typography-letter-spacing);\"><span class=\"fusion-imageframe imageframe-none imageframe-4 hover-type-none\"><img decoding=\"async\" width=\"546\" height=\"218\" title=\"hp-2\" src=\"http:\/\/nnu.9f8.mywebsitetransfer.com\/wp-content\/uploads\/2020\/05\/hp-2.png\" alt class=\"img-responsive wp-image-28\" srcset=\"https:\/\/magoequity.es\/wp-content\/uploads\/2020\/05\/hp-2-200x80.png 200w, https:\/\/magoequity.es\/wp-content\/uploads\/2020\/05\/hp-2-400x160.png 400w, https:\/\/magoequity.es\/wp-content\/uploads\/2020\/05\/hp-2.png 546w\" sizes=\"(max-width: 1024px) 100vw, (max-width: 640px) 100vw, 400px\" \/><\/span><\/div><div class=\"fusion-text fusion-text-4\"><h3>Team<\/h3>\n<p>Mago Equity is formed by a team that combines extensive experience and knowledge in the Spanish lower market, in the execution of corporate transactions, in different international markets and in sustainable and impact investing.<\/p>\n<h3><\/h3>\n<\/div><\/div><\/div><div class=\"fusion-layout-column fusion_builder_column fusion-builder-column-7 fusion_builder_column_1_3 1_3 fusion-flex-column hp-card\" style=\"--awb-bg-size:cover;--awb-width-large:33.333333333333%;--awb-margin-top-large:0px;--awb-spacing-right-large:5.76%;--awb-margin-bottom-large:20px;--awb-spacing-left-large:5.76%;--awb-width-medium:100%;--awb-spacing-right-medium:1.92%;--awb-spacing-left-medium:1.92%;--awb-width-small:100%;--awb-spacing-right-small:1.92%;--awb-spacing-left-small:1.92%;\"><div class=\"fusion-column-wrapper fusion-column-has-shadow fusion-flex-justify-content-flex-start fusion-content-layout-column\"><div class=\"fusion-image-element\" style=\"text-align:center;--awb-caption-title-font-family:var(--h2_typography-font-family);--awb-caption-title-font-weight:var(--h2_typography-font-weight);--awb-caption-title-font-style:var(--h2_typography-font-style);--awb-caption-title-size:var(--h2_typography-font-size);--awb-caption-title-transform:var(--h2_typography-text-transform);--awb-caption-title-line-height:var(--h2_typography-line-height);--awb-caption-title-letter-spacing:var(--h2_typography-letter-spacing);\"><span class=\"fusion-imageframe imageframe-none imageframe-5 hover-type-none\"><img decoding=\"async\" width=\"200\" height=\"147\" title=\"ods target3\" src=\"http:\/\/nnu.9f8.mywebsitetransfer.com\/wp-content\/uploads\/2021\/04\/ods-objetivo3-200x147.png\" alt class=\"img-responsive wp-image-388\" srcset=\"https:\/\/magoequity.es\/wp-content\/uploads\/2021\/04\/ods-objetivo3-200x147.png 200w, https:\/\/magoequity.es\/wp-content\/uploads\/2021\/04\/ods-objetivo3-400x294.png 400w, https:\/\/magoequity.es\/wp-content\/uploads\/2021\/04\/ods-objetivo3.png 411w\" sizes=\"(max-width: 1024px) 100vw, (max-width: 640px) 100vw, 400px\" \/><\/span><\/div><div class=\"fusion-text fusion-text-5\"><h3>Value creation model<\/h3>\n<p>We identify those segments with the greatest potential and accelerate their growth with a unique and different methodology based on long-term growth trends that contribute to the UN Sustainable Development Goals.<\/p>\n<\/div><\/div><\/div><\/div><\/div><div class=\"fusion-fullwidth fullwidth-box fusion-builder-row-3 fusion-flex-container nonhundred-percent-fullwidth non-hundred-percent-height-scrolling\" style=\"--awb-border-radius-top-left:0px;--awb-border-radius-top-right:0px;--awb-border-radius-bottom-right:0px;--awb-border-radius-bottom-left:0px;--awb-padding-right:10%;--awb-padding-left:10%;--awb-margin-top:4%;--awb-flex-wrap:wrap;\" ><div class=\"fusion-builder-row fusion-row fusion-flex-align-items-flex-start fusion-flex-content-wrap\" style=\"max-width:1248px;margin-left: calc(-4% \/ 2 );margin-right: calc(-4% \/ 2 );\"><div class=\"fusion-layout-column fusion_builder_column fusion-builder-column-8 fusion_builder_column_1_1 1_1 fusion-flex-column hp-news\" style=\"--awb-bg-size:cover;--awb-width-large:100%;--awb-margin-top-large:0px;--awb-spacing-right-large:1.92%;--awb-margin-bottom-large:20px;--awb-spacing-left-large:1.92%;--awb-width-medium:100%;--awb-spacing-right-medium:1.92%;--awb-spacing-left-medium:1.92%;--awb-width-small:100%;--awb-spacing-right-small:1.92%;--awb-spacing-left-small:1.92%;\"><div class=\"fusion-column-wrapper fusion-column-has-shadow fusion-flex-justify-content-flex-start fusion-content-layout-column\"><div class=\"fusion-text fusion-text-6\"><h3>Interested in learning more?<\/h3>\n<p>Subscribe to our newsletter on current issues in Social and Environmental (ESG) investing.<\/p>\n<\/div><a class=\"fusion-modal-text-link\" data-toggle=\"modal\" data-target=\".fusion-modal.newsletter\" id=\"suscribirse\" href=\"#\"><button>Subscribe<\/button><\/a><\/div><\/div><\/div><\/div><div class=\"fusion-fullwidth fullwidth-box fusion-builder-row-4 fusion-flex-container nonhundred-percent-fullwidth non-hundred-percent-height-scrolling\" style=\"--awb-border-radius-top-left:0px;--awb-border-radius-top-right:0px;--awb-border-radius-bottom-right:0px;--awb-border-radius-bottom-left:0px;--awb-margin-bottom:0px;--awb-flex-wrap:wrap;\" ><div class=\"fusion-builder-row fusion-row fusion-flex-align-items-flex-start fusion-flex-content-wrap\" style=\"max-width:1248px;margin-left: calc(-4% \/ 2 );margin-right: calc(-4% \/ 2 );\"><div class=\"fusion-layout-column fusion_builder_column fusion-builder-column-9 fusion_builder_column_1_1 1_1 fusion-flex-column\" style=\"--awb-bg-size:cover;--awb-width-large:100%;--awb-margin-top-large:0px;--awb-spacing-right-large:1.92%;--awb-margin-bottom-large:20px;--awb-spacing-left-large:1.92%;--awb-width-medium:100%;--awb-spacing-right-medium:1.92%;--awb-spacing-left-medium:1.92%;--awb-width-small:100%;--awb-spacing-right-small:1.92%;--awb-spacing-left-small:1.92%;\"><div class=\"fusion-column-wrapper fusion-column-has-shadow fusion-flex-justify-content-flex-start fusion-content-layout-column\"><div class=\"fusion-text fusion-text-7\" id=\"hp-tags\"><p>Environment\u00a0 \u00a0<span id=\"hp-bullet\">-<\/span>\u00a0 \u00a0Social\u00a0 \u00a0<span id=\"hp-bullet\">-<\/span>\u00a0 \u00a0Governance<\/p>\n<\/div><\/div><\/div><div class=\"fusion-layout-column fusion_builder_column fusion-builder-column-10 fusion_builder_column_1_1 1_1 fusion-flex-column fusion-no-medium-visibility fusion-no-large-visibility\" style=\"--awb-bg-size:cover;--awb-width-large:100%;--awb-margin-top-large:0px;--awb-spacing-right-large:1.92%;--awb-margin-bottom-large:20px;--awb-spacing-left-large:1.92%;--awb-width-medium:100%;--awb-spacing-right-medium:1.92%;--awb-spacing-left-medium:1.92%;--awb-width-small:100%;--awb-spacing-right-small:1.92%;--awb-spacing-left-small:1.92%;\"><div class=\"fusion-column-wrapper fusion-column-has-shadow fusion-flex-justify-content-flex-start fusion-content-layout-column\"><div class=\"fusion-text fusion-text-8\" id=\"hp-tags\"><p style=\"text-align: center;\">Environment<br \/>\n<span id=\"hp-bullet\">-<\/span><br \/>\nSocial<br \/>\n<span id=\"hp-bullet\">-<\/span><br \/>\nGovernance<\/p>\n<\/div><\/div><\/div><\/div><\/div>\n<br \/>\n<div class=\"fusion-fullwidth fullwidth-box fusion-builder-row-5 fusion-flex-container nonhundred-percent-fullwidth non-hundred-percent-height-scrolling\" style=\"--awb-border-radius-top-left:0px;--awb-border-radius-top-right:0px;--awb-border-radius-bottom-right:0px;--awb-border-radius-bottom-left:0px;--awb-flex-wrap:wrap;\" ><div class=\"fusion-builder-row fusion-row fusion-flex-align-items-flex-start fusion-flex-content-wrap\" style=\"max-width:1248px;margin-left: calc(-4% \/ 2 );margin-right: calc(-4% \/ 2 );\"><div class=\"fusion-layout-column fusion_builder_column fusion-builder-column-11 fusion_builder_column_1_1 1_1 fusion-flex-column\" style=\"--awb-bg-size:cover;--awb-width-large:100%;--awb-margin-top-large:0px;--awb-spacing-right-large:1.92%;--awb-margin-bottom-large:20px;--awb-spacing-left-large:1.92%;--awb-width-medium:100%;--awb-spacing-right-medium:1.92%;--awb-spacing-left-medium:1.92%;--awb-width-small:100%;--awb-spacing-right-small:1.92%;--awb-spacing-left-small:1.92%;\"><div class=\"fusion-column-wrapper fusion-column-has-shadow fusion-flex-justify-content-flex-start fusion-content-layout-column\"><div class=\"fusion-modal modal fade modal-1 newsletter\" tabindex=\"-1\" role=\"dialog\" aria-labelledby=\"modal-heading-1\" aria-hidden=\"true\" style=\"--awb-border-color:rgba(226,226,226,0);--awb-background:#ffffff;\"><div class=\"modal-dialog modal-lg\" role=\"document\"><div class=\"modal-content fusion-modal-content\"><div class=\"modal-header\"><button class=\"close\" type=\"button\" data-dismiss=\"modal\" aria-hidden=\"true\" aria-label=\"Close\">\u00d7<\/button><h3 class=\"modal-title\" id=\"modal-heading-1\" data-dismiss=\"modal\" aria-hidden=\"true\">Subscribe to our newsletter<\/h3><\/div><div class=\"modal-body fusion-clearfix\">\n<script>(function() {\n\twindow.mc4wp = window.mc4wp || {\n\t\tlisteners: [],\n\t\tforms: {\n\t\t\ton: function(evt, cb) {\n\t\t\t\twindow.mc4wp.listeners.push(\n\t\t\t\t\t{\n\t\t\t\t\t\tevent   : evt,\n\t\t\t\t\t\tcallback: cb\n\t\t\t\t\t}\n\t\t\t\t);\n\t\t\t}\n\t\t}\n\t}\n})();\n<\/script><!-- Mailchimp for WordPress v4.12.5 - https:\/\/wordpress.org\/plugins\/mailchimp-for-wp\/ --><form id=\"mc4wp-form-1\" class=\"mc4wp-form mc4wp-form-368\" method=\"post\" data-id=\"368\" data-name=\"\" action=\"\" ><div class=\"mc4wp-form-fields\"><p><label>Name\r\n\t\t<input type=\"text\" name=\"NAME\" required \/>\r\n<\/label><\/p>\r\n<p><label>Email\r\n\t\t<input type=\"email\" name=\"EMAIL\" required \/>\r\n<\/label><\/p>\r\n<p><label><input name=\"AGREE_TO_TERMS\" type=\"checkbox\" value=\"1\" required=\"\">I accept the <a href=\"http:\/\/nnu.9f8.mywebsitetransfer.com\/politica-privacidad\/\">privacy policy<\/a> and I consent to the processing of Mago Equity's data.<\/label><\/p>\r\n<p>\r\n<input type=\"submit\" value=\"Send to\" class=\"wpcf7-form-control wpcf7-submit\" required>\r\n<\/p>\r\n\r\n<p id=\"aviso-legal\">De conformidad con la Ley Org\u00e1nica 3\/2018, de 5 de diciembre, de Protecci\u00f3n de Datos Personales y Garant\u00eda de los Derechos Digitales relativo a la Protecci\u00f3n de las Personas f\u00edsicas, y conforme a las disposiciones reglamentarias reflejadas en el Reglamento (UE) 2016\/679 del Parlamento Europeo y del Consejo, de 27 de abril de 2016, le informamos que sus datos personales ser\u00e1n tratados por Mago Equity con la finalidad de gestionar su solicitud y mantener las relaciones comerciales y profesionales que nos unen a usted. Sus datos no ser\u00e1n cedidos a terceros. Este tratamiento de datos es necesario para atender su solicitud. Sus datos ser\u00e1n eliminados pasado un tiempo prudencial desde que atendamos su solicitud. Usted puede ejercer sus derechos de acceso, rectificaci\u00f3n, supresi\u00f3n, oposici\u00f3n, portabilidad y limitaci\u00f3n del tratamiento de sus datos dirigi\u00e9ndose a Mago Equity, C\/ Jos\u00e9 Abascal, 56 \u2013 Planta 2 28003 Madrid, o a info@magoequity.es, acompa\u00f1ando copia de su DNI. En cualquier caso, usted tiene derecho a no ser objeto de decisiones basadas \u00fanicamente en el tratamiento automatizado de sus datos, as\u00ed como a presentar una reclamaci\u00f3n ante la Agencia Espa\u00f1ola de Protecci\u00f3n de Datos (AEPD).<\/p><\/div><label style=\"display: none !important;\">Leave this field empty if you're human: <input type=\"text\" name=\"_mc4wp_honeypot\" value=\"\" tabindex=\"-1\" autocomplete=\"off\" \/><\/label><input type=\"hidden\" name=\"_mc4wp_timestamp\" value=\"1778849476\" \/><input type=\"hidden\" name=\"_mc4wp_form_id\" value=\"368\" \/><input type=\"hidden\" name=\"_mc4wp_form_element_id\" value=\"mc4wp-form-1\" \/><div class=\"mc4wp-response\"><\/div><input type=\"hidden\" name=\"trp-form-language\" value=\"en\"\/><\/form><!-- \/ Mailchimp for WordPress Plugin -->\n<\/div><\/div><\/div><\/div><\/div><\/div><\/div><\/div>\n<\/p>","protected":false},"excerpt":{"rendered":"","protected":false},"author":1,"featured_media":0,"parent":0,"menu_order":0,"comment_status":"closed","ping_status":"closed","template":"100-width.php","meta":{"footnotes":""},"class_list":["post-22","page","type-page","status-publish","hentry"],"jetpack_sharing_enabled":true,"_links":{"self":[{"href":"https:\/\/magoequity.es\/en\/wp-json\/wp\/v2\/pages\/22","targetHints":{"allow":["GET"]}}],"collection":[{"href":"https:\/\/magoequity.es\/en\/wp-json\/wp\/v2\/pages"}],"about":[{"href":"https:\/\/magoequity.es\/en\/wp-json\/wp\/v2\/types\/page"}],"author":[{"embeddable":true,"href":"https:\/\/magoequity.es\/en\/wp-json\/wp\/v2\/users\/1"}],"replies":[{"embeddable":true,"href":"https:\/\/magoequity.es\/en\/wp-json\/wp\/v2\/comments?post=22"}],"version-history":[{"count":32,"href":"https:\/\/magoequity.es\/en\/wp-json\/wp\/v2\/pages\/22\/revisions"}],"predecessor-version":[{"id":825,"href":"https:\/\/magoequity.es\/en\/wp-json\/wp\/v2\/pages\/22\/revisions\/825"}],"wp:attachment":[{"href":"https:\/\/magoequity.es\/en\/wp-json\/wp\/v2\/media?parent=22"}],"curies":[{"name":"wp","href":"https:\/\/api.w.org\/{rel}","templated":true}]}}