{"id":303,"date":"2021-04-06T13:21:39","date_gmt":"2021-04-06T11:21:39","guid":{"rendered":"https:\/\/magoequity.es\/?page_id=303"},"modified":"2024-06-20T13:16:24","modified_gmt":"2024-06-20T11:16:24","slug":"quienessomos","status":"publish","type":"page","link":"https:\/\/magoequity.es\/en\/quienessomos\/","title":{"rendered":"Who are we?"},"content":{"rendered":"<p><div class=\"fusion-fullwidth fullwidth-box fusion-builder-row-1 fusion-flex-container nonhundred-percent-fullwidth non-hundred-percent-height-scrolling\" style=\"--awb-border-radius-top-left:0px;--awb-border-radius-top-right:0px;--awb-border-radius-bottom-right:0px;--awb-border-radius-bottom-left:0px;--awb-margin-bottom:40px;--awb-flex-wrap:wrap;\" ><div class=\"fusion-builder-row fusion-row fusion-flex-align-items-stretch fusion-flex-content-wrap\" style=\"max-width:1248px;margin-left: calc(-4% \/ 2 );margin-right: calc(-4% \/ 2 );\"><div class=\"fusion-layout-column fusion_builder_column fusion-builder-column-0 fusion_builder_column_1_1 1_1 fusion-flex-column\" style=\"--awb-bg-size:cover;--awb-width-large:100%;--awb-margin-top-large:0px;--awb-spacing-right-large:1.92%;--awb-margin-bottom-large:20px;--awb-spacing-left-large:1.92%;--awb-width-medium:100%;--awb-spacing-right-medium:1.92%;--awb-spacing-left-medium:1.92%;--awb-width-small:100%;--awb-spacing-right-small:1.92%;--awb-spacing-left-small:1.92%;\"><div class=\"fusion-column-wrapper fusion-column-has-shadow fusion-flex-justify-content-flex-start fusion-content-layout-column\"><div class=\"fusion-image-element\" style=\"text-align:center;--awb-caption-title-font-family:var(--h2_typography-font-family);--awb-caption-title-font-weight:var(--h2_typography-font-weight);--awb-caption-title-font-style:var(--h2_typography-font-style);--awb-caption-title-size:var(--h2_typography-font-size);--awb-caption-title-transform:var(--h2_typography-text-transform);--awb-caption-title-line-height:var(--h2_typography-line-height);--awb-caption-title-letter-spacing:var(--h2_typography-letter-spacing);\"><span class=\"fusion-imageframe imageframe-none imageframe-1 hover-type-none\"><img decoding=\"async\" width=\"2560\" height=\"1766\" title=\"DSC02910\" src=\"https:\/\/magoequity.es\/wp-content\/uploads\/2022\/07\/DSC02910-3-scaled.jpg\" alt class=\"img-responsive wp-image-468\" srcset=\"https:\/\/magoequity.es\/wp-content\/uploads\/2022\/07\/DSC02910-3-300x207.jpg 300w, https:\/\/magoequity.es\/wp-content\/uploads\/2022\/07\/DSC02910-3-768x530.jpg 768w, https:\/\/magoequity.es\/wp-content\/uploads\/2022\/07\/DSC02910-3-1024x707.jpg 1024w, https:\/\/magoequity.es\/wp-content\/uploads\/2022\/07\/DSC02910-3-1536x1060.jpg 1536w, https:\/\/magoequity.es\/wp-content\/uploads\/2022\/07\/DSC02910-3-scaled.jpg 2560w\" sizes=\"(max-width: 2560px) 100vw, 2560px\" \/><\/span><\/div><\/div><\/div><\/div><\/div><div class=\"fusion-fullwidth fullwidth-box fusion-builder-row-2 fusion-flex-container nonhundred-percent-fullwidth non-hundred-percent-height-scrolling\" style=\"--awb-border-radius-top-left:0px;--awb-border-radius-top-right:0px;--awb-border-radius-bottom-right:0px;--awb-border-radius-bottom-left:0px;--awb-flex-wrap:wrap;\" ><div class=\"fusion-builder-row fusion-row fusion-flex-align-items-flex-start fusion-flex-content-wrap\" style=\"max-width:1248px;margin-left: calc(-4% \/ 2 );margin-right: calc(-4% \/ 2 );\"><div class=\"fusion-layout-column fusion_builder_column fusion-builder-column-1 fusion_builder_column_1_1 1_1 fusion-flex-column\" style=\"--awb-bg-size:cover;--awb-width-large:100%;--awb-margin-top-large:0px;--awb-spacing-right-large:1.92%;--awb-margin-bottom-large:0px;--awb-spacing-left-large:1.92%;--awb-width-medium:100%;--awb-spacing-right-medium:1.92%;--awb-spacing-left-medium:1.92%;--awb-width-small:100%;--awb-spacing-right-small:1.92%;--awb-spacing-left-small:1.92%;\"><div class=\"fusion-column-wrapper fusion-column-has-shadow fusion-flex-justify-content-flex-start fusion-content-layout-column\"><div class=\"fusion-text fusion-text-1\" id=\"empresario\"><h3>Team<\/h3>\n<\/div><div class=\"fusion-flip-boxes flip-boxes row fusion-columns-4 flip-effect-3d equal-heights\" style=\"--awb-flip-duration:0.5s;\"><div class=\"fusion-flip-box-wrapper fusion-column col-lg-3 col-md-3 col-sm-3\"><div class=\"fusion-flip-box flip-right\" tabindex=\"0\"><div class=\"flip-box-inner-wrapper\"><div class=\"flip-box-front\" style=\"--awb-border-size:0px;--awb-border-radius:0px;--awb-title-front-color:#ffffff;--awb-text-front-color:#f9f9f9;--awb-background-image-front:url(&#039;https:\/\/magoequity.es\/wp-content\/uploads\/2021\/04\/carlos-gomez-mugica-2.png&#039;);\"><div class=\"flip-box-front-inner\"><h2 class=\"flip-box-heading without-text\">Carlos G\u00f3mez-M\u00fagica<\/h2><\/div><\/div><div class=\"flip-box-back\" style=\"--awb-border-size:0px;--awb-border-radius:0px;--awb-background-color-back:#03305e;\"><div class=\"flip-box-back-inner\"><h3 class=\"flip-box-heading-back\">Carlos G\u00f3mez-M\u00fagica<\/h3>\n<p style=\"text-align: left;\">More than 10 years as a manager in the Enel Group (Endesa), as Global Director of Innovation and General Director of the Endesa Foundation.<\/p>\n<p style=\"text-align: left;\">Previously, he worked for 8 years in investment banking in prestigious entities such as JP Morgan, Santander and Mediobanca.<\/p>\n<p style=\"text-align: left;\"><em>MBA from IESE, PDG from Harvard Business School, and DBA from Comillas Pontifical University.<\/em><\/p>\n<div class=\"fusion-social-links fusion-social-links-1\" style=\"--awb-margin-top:0px;--awb-margin-right:0px;--awb-margin-bottom:0px;--awb-margin-left:0px;--awb-alignment:right;--awb-box-border-top:0px;--awb-box-border-right:0px;--awb-box-border-bottom:0px;--awb-box-border-left:0px;--awb-icon-colors-hover:rgba(158,160,164,0.8);--awb-box-colors-hover:rgba(242,243,245,0.8);--awb-box-border-color:var(--awb-color3);--awb-box-border-color-hover:var(--awb-color4);\"><div class=\"fusion-social-networks color-type-custom\"><div class=\"fusion-social-networks-wrapper\"><a class=\"fusion-social-network-icon fusion-tooltip fusion-linkedin awb-icon-linkedin\" style=\"color:#ffffff;font-size:16px;\" data-placement=\"bottom\" data-title=\"LinkedIn\" data-toggle=\"tooltip\" title=\"LinkedIn\" aria-label=\"linkedin\" target=\"_blank\" rel=\"noopener noreferrer\" href=\"\/en\/www.linkedin.com\/in\/carlos-gomez-mugica-de-la-rica\/\"><\/a><a class=\"fusion-social-network-icon fusion-tooltip fusion-mail awb-icon-mail\" style=\"color:#ffffff;font-size:16px;\" data-placement=\"bottom\" data-title=\"Email\" data-toggle=\"tooltip\" title=\"Email\" aria-label=\"mail\" target=\"_blank\" rel=\"noopener noreferrer\" href=\"mailto:carlos&#046;go&#109;&#101;&#122;m&#117;g&#105;ca&#064;m&#097;&#103;o&#101;&#113;&#117;i&#116;&#121;&#046;&#101;&#115;\"><\/a><\/div><\/div><\/div>\n<\/div><\/div><\/div><\/div><\/div><div class=\"fusion-flip-box-wrapper fusion-column col-lg-3 col-md-3 col-sm-3\"><div class=\"fusion-flip-box flip-right\" tabindex=\"0\"><div class=\"flip-box-inner-wrapper\"><div class=\"flip-box-front\" style=\"--awb-background-color-front:#ffffff;\"><div class=\"flip-box-front-inner\"><\/div><\/div><div class=\"flip-box-back\" style=\"--awb-background-color-back:#ffffff;\"><div class=\"flip-box-back-inner\"><\/div><\/div><\/div><\/div><\/div><div class=\"fusion-flip-box-wrapper fusion-column col-lg-3 col-md-3 col-sm-3\"><div class=\"fusion-flip-box flip-right\" tabindex=\"0\"><div class=\"flip-box-inner-wrapper\"><div class=\"flip-box-front\" style=\"--awb-border-size:0px;--awb-border-radius:0px;--awb-title-front-color:#ffffff;--awb-text-front-color:#f9f9f9;--awb-background-image-front:url(&#039;https:\/\/magoequity.es\/wp-content\/uploads\/2021\/04\/juan-maria-marco-2.png&#039;);\"><div class=\"flip-box-front-inner\"><h2 class=\"flip-box-heading without-text\">Jos\u00e9 Mar\u00eda Marco<\/h2><\/div><\/div><div class=\"flip-box-back\" style=\"--awb-border-size:0px;--awb-border-radius:0px;--awb-background-color-back:#03305e;\"><div class=\"flip-box-back-inner\"><h3 class=\"flip-box-heading-back\">Jos\u00e9 Mar\u00eda Marco<\/h3>\n<p style=\"text-align: left;\">More than 18 years of experience and 50 restructuring, M&amp;A and distressed M&amp;A transactions in the Spanish middle market.<\/p>\n<p style=\"text-align: left;\">He has worked for leading firms such as KPMG, Forest Partners and Duff&amp;Phelps acting as head of Corporate Finance and Restructuring for the Iberian market.<\/p>\n<p style=\"text-align: left;\"><em>EMBA from IESE<\/em><\/p>\n<div class=\"fusion-social-links fusion-social-links-2\" style=\"--awb-margin-top:0px;--awb-margin-right:0px;--awb-margin-bottom:0px;--awb-margin-left:0px;--awb-alignment:right;--awb-box-border-top:0px;--awb-box-border-right:0px;--awb-box-border-bottom:0px;--awb-box-border-left:0px;--awb-icon-colors-hover:rgba(158,160,164,0.8);--awb-box-colors-hover:rgba(242,243,245,0.8);--awb-box-border-color:var(--awb-color3);--awb-box-border-color-hover:var(--awb-color4);\"><div class=\"fusion-social-networks color-type-custom\"><div class=\"fusion-social-networks-wrapper\"><a class=\"fusion-social-network-icon fusion-tooltip fusion-mail awb-icon-mail\" style=\"color:#fff;font-size:16px;\" data-placement=\"bottom\" data-title=\"Email\" data-toggle=\"tooltip\" title=\"Email\" aria-label=\"mail\" target=\"_blank\" rel=\"noopener noreferrer\" href=\"mailto:&#106;os&#101;m&#097;ria&#046;&#109;&#097;&#114;&#099;&#111;&#064;&#109;&#097;&#103;&#111;equi&#116;y&#046;&#101;s\"><\/a><\/div><\/div><\/div>\n<\/div><\/div><\/div><\/div><\/div><\/div><\/div><\/div><\/div><\/div><div class=\"fusion-fullwidth fullwidth-box fusion-builder-row-3 fusion-flex-container nonhundred-percent-fullwidth non-hundred-percent-height-scrolling\" style=\"--awb-border-radius-top-left:0px;--awb-border-radius-top-right:0px;--awb-border-radius-bottom-right:0px;--awb-border-radius-bottom-left:0px;--awb-margin-bottom:0px;--awb-flex-wrap:wrap;\" ><div class=\"fusion-builder-row fusion-row fusion-flex-align-items-flex-start fusion-flex-content-wrap\" style=\"max-width:1248px;margin-left: calc(-4% \/ 2 );margin-right: calc(-4% \/ 2 );\"><div class=\"fusion-layout-column fusion_builder_column fusion-builder-column-2 fusion_builder_column_1_1 1_1 fusion-flex-column\" style=\"--awb-bg-size:cover;--awb-width-large:100%;--awb-margin-top-large:0px;--awb-spacing-right-large:1.92%;--awb-margin-bottom-large:20px;--awb-spacing-left-large:1.92%;--awb-width-medium:100%;--awb-spacing-right-medium:1.92%;--awb-spacing-left-medium:1.92%;--awb-width-small:100%;--awb-spacing-right-small:1.92%;--awb-spacing-left-small:1.92%;\"><div class=\"fusion-column-wrapper fusion-column-has-shadow fusion-flex-justify-content-flex-start fusion-content-layout-column\"><div class=\"fusion-text fusion-text-2\" id=\"hp-tags\"><p>Environment\u00a0 \u00a0<span id=\"hp-bullet\">-<\/span>\u00a0 \u00a0Social\u00a0 \u00a0<span id=\"hp-bullet\">-<\/span>\u00a0 \u00a0Governance<\/p>\n<\/div><\/div><\/div><div class=\"fusion-layout-column fusion_builder_column fusion-builder-column-3 fusion_builder_column_1_1 1_1 fusion-flex-column fusion-no-medium-visibility fusion-no-large-visibility\" style=\"--awb-bg-size:cover;--awb-width-large:100%;--awb-margin-top-large:0px;--awb-spacing-right-large:1.92%;--awb-margin-bottom-large:20px;--awb-spacing-left-large:1.92%;--awb-width-medium:100%;--awb-spacing-right-medium:1.92%;--awb-spacing-left-medium:1.92%;--awb-width-small:100%;--awb-spacing-right-small:1.92%;--awb-spacing-left-small:1.92%;\"><div class=\"fusion-column-wrapper fusion-column-has-shadow fusion-flex-justify-content-flex-start fusion-content-layout-column\"><div class=\"fusion-text fusion-text-3\" id=\"hp-tags\"><p style=\"text-align: center;\">Environment<br \/>\n<span id=\"hp-bullet\">-<\/span><br \/>\nSocial<br \/>\n<span id=\"hp-bullet\">-<\/span><br \/>\nGovernance<\/p>\n<\/div><\/div><\/div><\/div><\/div>\n<div class=\"fusion-fullwidth fullwidth-box fusion-builder-row-4 fusion-flex-container nonhundred-percent-fullwidth non-hundred-percent-height-scrolling\" style=\"--awb-border-radius-top-left:0px;--awb-border-radius-top-right:0px;--awb-border-radius-bottom-right:0px;--awb-border-radius-bottom-left:0px;--awb-flex-wrap:wrap;\" ><div class=\"fusion-builder-row fusion-row fusion-flex-align-items-flex-start fusion-flex-content-wrap\" style=\"max-width:1248px;margin-left: calc(-4% \/ 2 );margin-right: calc(-4% \/ 2 );\"><div class=\"fusion-layout-column fusion_builder_column fusion-builder-column-4 fusion_builder_column_1_1 1_1 fusion-flex-column\" style=\"--awb-bg-size:cover;--awb-width-large:100%;--awb-margin-top-large:0px;--awb-spacing-right-large:1.92%;--awb-margin-bottom-large:20px;--awb-spacing-left-large:1.92%;--awb-width-medium:100%;--awb-spacing-right-medium:1.92%;--awb-spacing-left-medium:1.92%;--awb-width-small:100%;--awb-spacing-right-small:1.92%;--awb-spacing-left-small:1.92%;\"><div class=\"fusion-column-wrapper fusion-column-has-shadow fusion-flex-justify-content-flex-start fusion-content-layout-column\"><div class=\"fusion-modal modal fade modal-1 newsletter\" tabindex=\"-1\" role=\"dialog\" aria-labelledby=\"modal-heading-1\" aria-hidden=\"true\" style=\"--awb-border-color:rgba(226,226,226,0);--awb-background:#ffffff;\"><div class=\"modal-dialog modal-lg\" role=\"document\"><div class=\"modal-content fusion-modal-content\"><div class=\"modal-header\"><button class=\"close\" type=\"button\" data-dismiss=\"modal\" aria-hidden=\"true\" aria-label=\"Close\">\u00d7<\/button><h3 class=\"modal-title\" id=\"modal-heading-1\" data-dismiss=\"modal\" aria-hidden=\"true\">Subscribe to our newsletter<\/h3><\/div><div class=\"modal-body fusion-clearfix\">\n<script>(function() {\n\twindow.mc4wp = window.mc4wp || {\n\t\tlisteners: [],\n\t\tforms: {\n\t\t\ton: function(evt, cb) {\n\t\t\t\twindow.mc4wp.listeners.push(\n\t\t\t\t\t{\n\t\t\t\t\t\tevent   : evt,\n\t\t\t\t\t\tcallback: cb\n\t\t\t\t\t}\n\t\t\t\t);\n\t\t\t}\n\t\t}\n\t}\n})();\n<\/script><!-- Mailchimp for WordPress v4.12.2 - https:\/\/wordpress.org\/plugins\/mailchimp-for-wp\/ --><form id=\"mc4wp-form-1\" class=\"mc4wp-form mc4wp-form-368\" method=\"post\" data-id=\"368\" data-name=\"\" action=\"\" ><div class=\"mc4wp-form-fields\"><p><label>Name\r\n\t\t<input type=\"text\" name=\"NAME\" required \/>\r\n<\/label><\/p>\r\n<p><label>Email\r\n\t\t<input type=\"email\" name=\"EMAIL\" required \/>\r\n<\/label><\/p>\r\n<p><label><input name=\"AGREE_TO_TERMS\" type=\"checkbox\" value=\"1\" required=\"\">I accept the <a href=\"http:\/\/nnu.9f8.mywebsitetransfer.com\/politica-privacidad\/\">privacy policy<\/a> and I consent to the processing of Mago Equity's data.<\/label><\/p>\r\n<p>\r\n<input type=\"submit\" value=\"Send to\" class=\"wpcf7-form-control wpcf7-submit\" required>\r\n<\/p>\r\n\r\n<p id=\"aviso-legal\">De conformidad con la Ley Org\u00e1nica 3\/2018, de 5 de diciembre, de Protecci\u00f3n de Datos Personales y Garant\u00eda de los Derechos Digitales relativo a la Protecci\u00f3n de las Personas f\u00edsicas, y conforme a las disposiciones reglamentarias reflejadas en el Reglamento (UE) 2016\/679 del Parlamento Europeo y del Consejo, de 27 de abril de 2016, le informamos que sus datos personales ser\u00e1n tratados por Mago Equity con la finalidad de gestionar su solicitud y mantener las relaciones comerciales y profesionales que nos unen a usted. Sus datos no ser\u00e1n cedidos a terceros. Este tratamiento de datos es necesario para atender su solicitud. Sus datos ser\u00e1n eliminados pasado un tiempo prudencial desde que atendamos su solicitud. Usted puede ejercer sus derechos de acceso, rectificaci\u00f3n, supresi\u00f3n, oposici\u00f3n, portabilidad y limitaci\u00f3n del tratamiento de sus datos dirigi\u00e9ndose a Mago Equity, C\/ Jos\u00e9 Abascal, 56 \u2013 Planta 2 28003 Madrid, o a info@magoequity.es, acompa\u00f1ando copia de su DNI. En cualquier caso, usted tiene derecho a no ser objeto de decisiones basadas \u00fanicamente en el tratamiento automatizado de sus datos, as\u00ed como a presentar una reclamaci\u00f3n ante la Agencia Espa\u00f1ola de Protecci\u00f3n de Datos (AEPD).<\/p><\/div><label style=\"display: none !important;\">Leave this field empty if you're human: <input type=\"text\" name=\"_mc4wp_honeypot\" value=\"\" tabindex=\"-1\" autocomplete=\"off\" \/><\/label><input type=\"hidden\" name=\"_mc4wp_timestamp\" value=\"1777558076\" \/><input type=\"hidden\" name=\"_mc4wp_form_id\" value=\"368\" \/><input type=\"hidden\" name=\"_mc4wp_form_element_id\" value=\"mc4wp-form-1\" \/><div class=\"mc4wp-response\"><\/div><input type=\"hidden\" name=\"trp-form-language\" value=\"en\"\/><\/form><!-- \/ Mailchimp for WordPress Plugin -->\n<\/div><\/div><\/div><\/div><\/div><\/div><\/div><\/div>\n<\/p>","protected":false},"excerpt":{"rendered":"","protected":false},"author":1,"featured_media":0,"parent":0,"menu_order":0,"comment_status":"closed","ping_status":"closed","template":"","meta":{"footnotes":""},"class_list":["post-303","page","type-page","status-publish","hentry"],"jetpack_sharing_enabled":true,"_links":{"self":[{"href":"https:\/\/magoequity.es\/en\/wp-json\/wp\/v2\/pages\/303","targetHints":{"allow":["GET"]}}],"collection":[{"href":"https:\/\/magoequity.es\/en\/wp-json\/wp\/v2\/pages"}],"about":[{"href":"https:\/\/magoequity.es\/en\/wp-json\/wp\/v2\/types\/page"}],"author":[{"embeddable":true,"href":"https:\/\/magoequity.es\/en\/wp-json\/wp\/v2\/users\/1"}],"replies":[{"embeddable":true,"href":"https:\/\/magoequity.es\/en\/wp-json\/wp\/v2\/comments?post=303"}],"version-history":[{"count":60,"href":"https:\/\/magoequity.es\/en\/wp-json\/wp\/v2\/pages\/303\/revisions"}],"predecessor-version":[{"id":743,"href":"https:\/\/magoequity.es\/en\/wp-json\/wp\/v2\/pages\/303\/revisions\/743"}],"wp:attachment":[{"href":"https:\/\/magoequity.es\/en\/wp-json\/wp\/v2\/media?parent=303"}],"curies":[{"name":"wp","href":"https:\/\/api.w.org\/{rel}","templated":true}]}}