{"id":395,"date":"2021-06-14T13:32:04","date_gmt":"2021-06-14T11:32:04","guid":{"rendered":"https:\/\/magoequity.es\/?page_id=395"},"modified":"2024-09-23T18:41:04","modified_gmt":"2024-09-23T16:41:04","slug":"politica-privacidad","status":"publish","type":"page","link":"https:\/\/magoequity.es\/en\/politica-privacidad\/","title":{"rendered":"Pol\u00edtica de privacidad"},"content":{"rendered":"<p><div class=\"fusion-fullwidth fullwidth-box fusion-builder-row-1 fusion-flex-container nonhundred-percent-fullwidth non-hundred-percent-height-scrolling\" style=\"--awb-border-radius-top-left:0px;--awb-border-radius-top-right:0px;--awb-border-radius-bottom-right:0px;--awb-border-radius-bottom-left:0px;--awb-flex-wrap:wrap;\" ><div class=\"fusion-builder-row fusion-row fusion-flex-align-items-flex-start fusion-flex-content-wrap\" style=\"max-width:1248px;margin-left: calc(-4% \/ 2 );margin-right: calc(-4% \/ 2 );\"><div class=\"fusion-layout-column fusion_builder_column fusion-builder-column-0 fusion_builder_column_1_1 1_1 fusion-flex-column\" style=\"--awb-bg-size:cover;--awb-width-large:100%;--awb-margin-top-large:0px;--awb-spacing-right-large:1.92%;--awb-margin-bottom-large:0px;--awb-spacing-left-large:1.92%;--awb-width-medium:100%;--awb-spacing-right-medium:1.92%;--awb-spacing-left-medium:1.92%;--awb-width-small:100%;--awb-spacing-right-small:1.92%;--awb-spacing-left-small:1.92%;\"><div class=\"fusion-column-wrapper fusion-flex-justify-content-flex-start fusion-content-layout-column\"><div class=\"fusion-text fusion-text-1\"><h5><b>1. INFORMACI\u00d3N AL USUARIO\u00a0<\/b><\/h5>\n<p><b>MAGO EQUITY, SGEIC, S.A. <\/b><span style=\"font-weight: 400;\">es el RESPONSABLE del tratamiento de los datos personales del USUARIO\u00a0 y le informa de que estos datos ser\u00e1n tratados de conformidad con lo dispuesto en el Reglamento (UE)\u00a0 2016\/679, de 27 de abril (GDPR), y la Ley Org\u00e1nica 3\/2018, de 5 de diciembre (LOPDGDD).\u00a0<\/span><\/p>\n<p>Seg\u00fan el formulario donde hayamos obtenido sus datos personales, los trataremos de manera confidencial para alcanzar los siguientes fines:<\/p>\n<p>En el formulario <strong>Contact<\/strong>:<\/p>\n<ul>\n<li>Dar respuesta a las consultas o cualquier tipo de petici\u00f3n que sea realizada por el usuario a trav\u00e9s de cualquiera de las formas de contacto que se ponen a su disposici\u00f3n en la p\u00e1gina web del responsable.<br \/>\n(por el inter\u00e9s leg\u00edtimo del responsable, art. 6.1.f GDPR).<\/li>\n<li><span style=\"font-weight: 400;\">Enviar comunicaciones comerciales publicitarias por e-mail, fax, SMS, MMS, redes sociales o cualquier otro medio electr\u00f3nico o f\u00edsico, presente o futuro, que posibilite realizar comunicaciones comerciales. Estas comunicaciones ser\u00e1n realizadas por el responsable y estar\u00e1n relacionadas con sus productos y servicios, o de sus colaboradores o proveedores, con los que \u00e9ste haya alcanzado alg\u00fan acuerdo de promoci\u00f3n. En este caso, los terceros nunca tendr\u00e1n acceso a los datos personales.<br \/>\n(por el consentimiento del interesado, 6.1.a GDPR).\u00a0\u00a0<\/span><\/li>\n<li>Realizar an\u00e1lisis estad\u00edsticos y estudios de mercado.<br \/>\n(por el inter\u00e9s leg\u00edtimo del responsable, art. 6.1.f GDPR).<\/li>\n<\/ul>\n<p>En el formulario <strong>Newsletter<\/strong>:<\/p>\n<ul>\n<li>Remitir boletines informativos, novedades, ofertas y promociones online.<br \/>\n<span style=\"font-weight: 400;\">(por el consentimiento del interesado, 6.1.a GDPR).<\/span><\/li>\n<\/ul>\n<p>Al utilizar las <strong>Redes Sociales<\/strong>:<\/p>\n<ul>\n<li>Enlazar a Redes Sociales, para la visualizaci\u00f3n y participaci\u00f3n en las publicaciones.<br \/>\n(por el consentimiento del interesado, 6.1.a GDPR).<\/li>\n<li>Dar respuesta a las consultas o cualquier tipo de petici\u00f3n que sea realizada por el usuario.<br \/>\n(por el consentimiento del interesado, 6.1.a GDPR).<\/li>\n<\/ul>\n<p>Los datos personales de los usuarios se conservar\u00e1n durante no m\u00e1s tiempo del necesario para mantener el fin del tratamiento o existan prescripciones legales que dictaminen su custodia y cuando ya no sea necesario para ello, se suprimir\u00e1n con medidas de seguridad adecuadas para garantizar la anonimizaci\u00f3n de los datos o la destrucci\u00f3n total de los mismos.<\/p>\n<p>No est\u00e1 prevista ninguna comunicaci\u00f3n de datos personales a terceros salvo, si fuese necesario para el desarrollo y ejecuci\u00f3n de las finalidades del tratamiento, a nuestros proveedores de servicios relacionados con comunicaciones, con los cuales el RESPONSABLE tiene suscritos los contratos de confidencialidad y de encargado de tratamiento exigidos por la normativa vigente de privacidad.<\/p>\n<p>Los derechos que asisten al USUARIO son:<\/p>\n<ul>\n<li>Derecho a retirar el consentimiento en cualquier momento.<\/li>\n<li>Derecho de acceso, rectificaci\u00f3n, portabilidad y supresi\u00f3n de sus datos, y de limitaci\u00f3n u oposici\u00f3n a su tratamiento.<\/li>\n<li>Derecho a presentar una reclamaci\u00f3n ante la autoridad de control (www.aepd.es) si considera que el tratamiento no se ajusta a la normativa vigente.<\/li>\n<\/ul>\n<p>Podr\u00e1 <strong>ejercer sus derechos como usuario<\/strong>, a trav\u00e9s de la siguiente informaci\u00f3n de contacto:<br \/>\nMAGO EQUITY, SGEIC, S.A., Calle Felipe Campos, 18 1\u00aa planta &#8211; 28002 Madrid. E-mail: pdgdd@magoequity.es<\/p>\n<h5><b>2. CAR\u00c1CTER OBLIGATORIO O FACULTATIVO DE LA INFORMACI\u00d3N FACILITADA\u00a0 POR EL USUARIO\u00a0<\/b><\/h5>\n<p><span style=\"font-weight: 400;\">Los USUARIOS, mediante la marcaci\u00f3n de las casillas correspondientes y la entrada de datos en los\u00a0 campos, marcados con un asterisco (*) en el formulario de contacto o presentados en formularios de\u00a0 descarga, aceptan expresamente y de forma libre e inequ\u00edvoca, que sus datos son necesarios para atender\u00a0 su petici\u00f3n, por parte del prestador, siendo voluntaria la inclusi\u00f3n de datos en los campos restantes. El\u00a0 USUARIO garantiza que los datos personales facilitados al RESPONSABLE son veraces y se hace\u00a0 responsable de comunicar cualquier modificaci\u00f3n de los mismos.\u00a0<\/span><\/p>\n<p><span style=\"font-weight: 400;\">El RESPONSABLE informa que todos los datos solicitados a trav\u00e9s del sitio web son obligatorios, ya que\u00a0 son necesarios para la prestaci\u00f3n de un servicio \u00f3ptimo al USUARIO. En caso de que no se faciliten todos\u00a0 los datos, no se garantiza que la informaci\u00f3n y servicios facilitados sean completamente ajustados a sus\u00a0 necesidades.\u00a0<\/span><\/p>\n<h5><b>3. MEDIDAS DE SEGURIDAD\u00a0<\/b><\/h5>\n<p><span style=\"font-weight: 400;\">De conformidad con lo dispuesto en las normativas vigentes en protecci\u00f3n de datos personales, el\u00a0 RESPONSABLE est\u00e1 cumpliendo con todas las disposiciones de las normativas GDPR y LOPDGDD para\u00a0 el tratamiento de los datos personales de su responsabilidad, y manifiestamente con los principios descritos\u00a0 en el art\u00edculo 5 del GDPR, por los cuales son tratados de manera l\u00edcita, leal y transparente en relaci\u00f3n con\u00a0 el interesado y adecuados, pertinentes y limitados a lo necesario en relaci\u00f3n con los fines para los que son\u00a0 tratados.\u00a0<\/span><\/p>\n<p><span style=\"font-weight: 400;\">El RESPONSABLE garantiza que ha implementado pol\u00edticas t\u00e9cnicas y organizativas apropiadas para\u00a0 aplicar las medidas de seguridad que establecen el GDPR y la LOPDGDD con el fin de proteger los\u00a0 derechos y libertades de los USUARIOS y les ha comunicado la informaci\u00f3n adecuada para que puedan\u00a0 ejercerlos.\u00a0<\/span><\/p>\n<p><span style=\"font-weight: 400;\">Para m\u00e1s informaci\u00f3n sobre las garant\u00edas de privacidad, puede dirigirse al RESPONSABLE a trav\u00e9s de\u00a0 MAGO EQUITY, SGEIC, S.A., Calle Felipe Campos, 18 1\u00aa planta &#8211; 28002 Madrid. E-mail: pdgdd@magoequity.es<\/span><\/p>\n<\/div><\/div><\/div><\/div><\/div><div class=\"fusion-fullwidth fullwidth-box fusion-builder-row-2 fusion-flex-container nonhundred-percent-fullwidth non-hundred-percent-height-scrolling\" style=\"--awb-border-radius-top-left:0px;--awb-border-radius-top-right:0px;--awb-border-radius-bottom-right:0px;--awb-border-radius-bottom-left:0px;--awb-flex-wrap:wrap;\" ><div class=\"fusion-builder-row fusion-row fusion-flex-align-items-flex-start fusion-flex-content-wrap\" style=\"max-width:1248px;margin-left: calc(-4% \/ 2 );margin-right: calc(-4% \/ 2 );\"><div class=\"fusion-layout-column fusion_builder_column fusion-builder-column-1 fusion_builder_column_1_1 1_1 fusion-flex-column\" style=\"--awb-bg-size:cover;--awb-width-large:100%;--awb-margin-top-large:0px;--awb-spacing-right-large:1.92%;--awb-margin-bottom-large:20px;--awb-spacing-left-large:1.92%;--awb-width-medium:100%;--awb-spacing-right-medium:1.92%;--awb-spacing-left-medium:1.92%;--awb-width-small:100%;--awb-spacing-right-small:1.92%;--awb-spacing-left-small:1.92%;\"><div class=\"fusion-column-wrapper fusion-column-has-shadow fusion-flex-justify-content-flex-start fusion-content-layout-column\"><div class=\"fusion-modal modal fade modal-1 newsletter\" tabindex=\"-1\" role=\"dialog\" aria-labelledby=\"modal-heading-1\" aria-hidden=\"true\" style=\"--awb-border-color:rgba(226,226,226,0);--awb-background:#ffffff;\"><div class=\"modal-dialog modal-lg\" role=\"document\"><div class=\"modal-content fusion-modal-content\"><div class=\"modal-header\"><button class=\"close\" type=\"button\" data-dismiss=\"modal\" aria-hidden=\"true\" aria-label=\"Close\">\u00d7<\/button><h3 class=\"modal-title\" id=\"modal-heading-1\" data-dismiss=\"modal\" aria-hidden=\"true\">Subscribe to our newsletter<\/h3><\/div><div class=\"modal-body fusion-clearfix\">\n<script>(function() {\n\twindow.mc4wp = window.mc4wp || {\n\t\tlisteners: [],\n\t\tforms: {\n\t\t\ton: function(evt, cb) {\n\t\t\t\twindow.mc4wp.listeners.push(\n\t\t\t\t\t{\n\t\t\t\t\t\tevent   : evt,\n\t\t\t\t\t\tcallback: cb\n\t\t\t\t\t}\n\t\t\t\t);\n\t\t\t}\n\t\t}\n\t}\n})();\n<\/script><!-- Mailchimp for WordPress v4.12.5 - https:\/\/wordpress.org\/plugins\/mailchimp-for-wp\/ --><form id=\"mc4wp-form-1\" class=\"mc4wp-form mc4wp-form-368\" method=\"post\" data-id=\"368\" data-name=\"\" action=\"\" ><div class=\"mc4wp-form-fields\"><p><label>Name\r\n\t\t<input type=\"text\" name=\"NAME\" required \/>\r\n<\/label><\/p>\r\n<p><label>Email\r\n\t\t<input type=\"email\" name=\"EMAIL\" required \/>\r\n<\/label><\/p>\r\n<p><label><input name=\"AGREE_TO_TERMS\" type=\"checkbox\" value=\"1\" required=\"\">I accept the <a href=\"http:\/\/nnu.9f8.mywebsitetransfer.com\/politica-privacidad\/\">privacy policy<\/a> and I consent to the processing of Mago Equity's data.<\/label><\/p>\r\n<p>\r\n<input type=\"submit\" value=\"Send to\" class=\"wpcf7-form-control wpcf7-submit\" required>\r\n<\/p>\r\n\r\n<p id=\"aviso-legal\">De conformidad con la Ley Org\u00e1nica 3\/2018, de 5 de diciembre, de Protecci\u00f3n de Datos Personales y Garant\u00eda de los Derechos Digitales relativo a la Protecci\u00f3n de las Personas f\u00edsicas, y conforme a las disposiciones reglamentarias reflejadas en el Reglamento (UE) 2016\/679 del Parlamento Europeo y del Consejo, de 27 de abril de 2016, le informamos que sus datos personales ser\u00e1n tratados por Mago Equity con la finalidad de gestionar su solicitud y mantener las relaciones comerciales y profesionales que nos unen a usted. Sus datos no ser\u00e1n cedidos a terceros. Este tratamiento de datos es necesario para atender su solicitud. Sus datos ser\u00e1n eliminados pasado un tiempo prudencial desde que atendamos su solicitud. Usted puede ejercer sus derechos de acceso, rectificaci\u00f3n, supresi\u00f3n, oposici\u00f3n, portabilidad y limitaci\u00f3n del tratamiento de sus datos dirigi\u00e9ndose a Mago Equity, C\/ Jos\u00e9 Abascal, 56 \u2013 Planta 2 28003 Madrid, o a info@magoequity.es, acompa\u00f1ando copia de su DNI. En cualquier caso, usted tiene derecho a no ser objeto de decisiones basadas \u00fanicamente en el tratamiento automatizado de sus datos, as\u00ed como a presentar una reclamaci\u00f3n ante la Agencia Espa\u00f1ola de Protecci\u00f3n de Datos (AEPD).<\/p><\/div><label style=\"display: none !important;\">Leave this field empty if you're human: <input type=\"text\" name=\"_mc4wp_honeypot\" value=\"\" tabindex=\"-1\" autocomplete=\"off\" \/><\/label><input type=\"hidden\" name=\"_mc4wp_timestamp\" value=\"1778853595\" \/><input type=\"hidden\" name=\"_mc4wp_form_id\" value=\"368\" \/><input type=\"hidden\" name=\"_mc4wp_form_element_id\" value=\"mc4wp-form-1\" \/><div class=\"mc4wp-response\"><\/div><input type=\"hidden\" name=\"trp-form-language\" value=\"en\"\/><\/form><!-- \/ Mailchimp for WordPress Plugin -->\n<\/div><\/div><\/div><\/div><\/div><\/div><\/div><\/div>\n<\/p>","protected":false},"excerpt":{"rendered":"","protected":false},"author":1,"featured_media":0,"parent":0,"menu_order":0,"comment_status":"closed","ping_status":"closed","template":"","meta":{"footnotes":""},"class_list":["post-395","page","type-page","status-publish","hentry"],"jetpack_sharing_enabled":true,"_links":{"self":[{"href":"https:\/\/magoequity.es\/en\/wp-json\/wp\/v2\/pages\/395","targetHints":{"allow":["GET"]}}],"collection":[{"href":"https:\/\/magoequity.es\/en\/wp-json\/wp\/v2\/pages"}],"about":[{"href":"https:\/\/magoequity.es\/en\/wp-json\/wp\/v2\/types\/page"}],"author":[{"embeddable":true,"href":"https:\/\/magoequity.es\/en\/wp-json\/wp\/v2\/users\/1"}],"replies":[{"embeddable":true,"href":"https:\/\/magoequity.es\/en\/wp-json\/wp\/v2\/comments?post=395"}],"version-history":[{"count":7,"href":"https:\/\/magoequity.es\/en\/wp-json\/wp\/v2\/pages\/395\/revisions"}],"predecessor-version":[{"id":778,"href":"https:\/\/magoequity.es\/en\/wp-json\/wp\/v2\/pages\/395\/revisions\/778"}],"wp:attachment":[{"href":"https:\/\/magoequity.es\/en\/wp-json\/wp\/v2\/media?parent=395"}],"curies":[{"name":"wp","href":"https:\/\/api.w.org\/{rel}","templated":true}]}}