{"id":401,"date":"2021-06-14T13:43:54","date_gmt":"2021-06-14T11:43:54","guid":{"rendered":"https:\/\/magoequity.es\/?page_id=401"},"modified":"2024-09-23T18:13:28","modified_gmt":"2024-09-23T16:13:28","slug":"aviso-legal","status":"publish","type":"page","link":"https:\/\/magoequity.es\/en\/aviso-legal\/","title":{"rendered":"Legal Notice"},"content":{"rendered":"<p><div class=\"fusion-fullwidth fullwidth-box fusion-builder-row-1 fusion-flex-container nonhundred-percent-fullwidth non-hundred-percent-height-scrolling\" style=\"--awb-border-radius-top-left:0px;--awb-border-radius-top-right:0px;--awb-border-radius-bottom-right:0px;--awb-border-radius-bottom-left:0px;--awb-flex-wrap:wrap;\" ><div class=\"fusion-builder-row fusion-row fusion-flex-align-items-flex-start fusion-flex-content-wrap\" style=\"max-width:1248px;margin-left: calc(-4% \/ 2 );margin-right: calc(-4% \/ 2 );\"><div class=\"fusion-layout-column fusion_builder_column fusion-builder-column-0 fusion_builder_column_1_1 1_1 fusion-flex-column\" style=\"--awb-bg-size:cover;--awb-width-large:100%;--awb-margin-top-large:0px;--awb-spacing-right-large:1.92%;--awb-margin-bottom-large:0px;--awb-spacing-left-large:1.92%;--awb-width-medium:100%;--awb-spacing-right-medium:1.92%;--awb-spacing-left-medium:1.92%;--awb-width-small:100%;--awb-spacing-right-small:1.92%;--awb-spacing-left-small:1.92%;\"><div class=\"fusion-column-wrapper fusion-flex-justify-content-flex-start fusion-content-layout-column\"><div class=\"fusion-text fusion-text-1\"><p>El presente aviso legal (en adelante, el \u201cAviso Legal\u201d) regula el uso del sitio web: <a href=\"https:\/\/magoequity.es\/en\/\">www.magoequity.es<\/a><\/p>\n<p>MAGO EQUITY, SGEIC, S.A. (en adelante \u201cMago Equity\u201d) se reserva el derecho de modificar cualquier tipo de informaci\u00f3n que pudiera aparecer en el sitio web, sin que exista obligaci\u00f3n de preavisar o poner en conocimiento de los usuarios dichas modificaciones, entendi\u00e9ndose como suficiente la publicaci\u00f3n en el sitio web de Mago Equity.<\/p>\n<h5><strong>DATOS IDENTIFICATIVOS<\/strong><\/h5>\n<p><span style=\"font-weight: 400;\">En cumplimiento del art\u00edculo 10 de la Ley 34\/2002, de 11 de julio, de Servicios de la Sociedad de la\u00a0 Informaci\u00f3n y Comercio Electr\u00f3nico (LSSICE) a continuaci\u00f3n se detallan los datos identificativos de\u00a0 la empresa:\u00a0<\/span><\/p>\n<p style=\"padding-left: 40px;\"><span style=\"font-weight: 400;\">&#8211; <\/span><span style=\"font-weight: 400;\">Nombre empresa: Mago Equity\u00a0<\/span><\/p>\n<p style=\"padding-left: 40px;\"><span style=\"font-weight: 400;\">&#8211; <\/span><span style=\"font-weight: 400;\">Raz\u00f3n social: Mago Equity, SGEIC, S.A.\u00a0<\/span><\/p>\n<p style=\"padding-left: 40px;\"><span style=\"font-weight: 400;\">&#8211; <\/span><span style=\"font-weight: 400;\">NIF: A42900142\u00a0<\/span><\/p>\n<p style=\"padding-left: 40px;\"><span style=\"font-weight: 400;\">&#8211; <\/span><span style=\"font-weight: 400;\">Direcci\u00f3n: Calle Felipe Campos 18, 1\u00aa planta, 28002 Madrid\u00a0<\/span><\/p>\n<p style=\"padding-left: 40px;\"><span style=\"font-weight: 400;\">&#8211; <\/span><span style=\"font-weight: 400;\">Tel\u00e9fono: +34 910 133 224 <\/span><\/p>\n<p style=\"padding-left: 40px;\"><span style=\"font-weight: 400;\">&#8211; <\/span><span style=\"font-weight: 400;\">Email: <\/span><span style=\"font-weight: 400;\">pdgdd@magoequity.es<\/span><span style=\"font-weight: 400;\">\u00a0<\/span><\/p>\n<p style=\"padding-left: 40px;\"><span style=\"font-weight: 400;\">&#8211; <\/span><span style=\"font-weight: 400;\">Registro Mercantil de Madrid, Tomo 41410, Folio 100, Secci\u00f3n 8, Hoja 733928, Inscripci\u00f3n 1\u00aa <\/span><\/p>\n<h5><b>USO Y ACCESO DE USUARIOS\u00a0<\/b><\/h5>\n<p>Toda persona que acceda a este sitio web asume el papel de usuario, comprometi\u00e9ndose a la observancia y cumplimiento riguroso de las disposiciones aqu\u00ed dispuestas, que acepta desde dicho acceso y\/o uso, as\u00ed como a cualquier otra disposici\u00f3n legal que fuera de aplicaci\u00f3n.<\/p>\n<p><span style=\"font-weight: 400;\">El Usuario queda informado, y acepta, que el acceso a la presente web no supone, en modo alguno,\u00a0 el inicio de una relaci\u00f3n comercial con Mago Equity, SGEIC, S.A. (en adelante \u201cMago Equity\u201d) o\u00a0 cualquiera de sus delegaciones.\u00a0<\/span><\/p>\n<h5><b>CONDICIONES DE UTILIZACI\u00d3N DEL SITIO WEB\u00a0<\/b><\/h5>\n<p><a href=\"https:\/\/magoequity.es\/en\/\">www.magoequity.es<\/a> proporciona acceso a determinadas informaciones, servicios o datos (en adelante, \u201clos contenidos\u201d) pertenecientes a Mago Equity o a sus licenciantes a los que el <strong>usuario<\/strong> pueda tener acceso. El <strong>usuario<\/strong> asume la responsabilidad del uso del sitio web. Dicha responsabilidad se extiende al registro que, en su caso, fuese necesario para acceder a determinados servicios o contenidos. En dicho registro el <strong>usuario<\/strong> ser\u00e1 responsable de aportar informaci\u00f3n veraz y l\u00edcita.<\/p>\n<p>El <strong>usuario<\/strong> se compromete a hacer un uso adecuado de los contenidos y servicios que la empresa creadora del sitio web ofrece a trav\u00e9s del sitio web y con car\u00e1cter enunciativo pero no limitativo, a no emplearlos para (i) incurrir en actividades il\u00edcitas, ilegales o contrarias a la buena fe y al orden p\u00fablico; (ii) provocar da\u00f1os en los sistemas f\u00edsicos y l\u00f3gicos de Mago Equity, de sus proveedores o de terceras personas, introducir o difundir en la red virus inform\u00e1ticos o cualesquiera otros sistemas f\u00edsicos o l\u00f3gicos que sean susceptibles de provocar los da\u00f1os anteriormente mencionados; (iii) intentar acceder y, en su caso, utilizar las cuentas de correo electr\u00f3nico de otros usuarios y modificar o manipular sus mensajes. Mago Equity, adopta las medidas t\u00e9cnicas y organizativas necesarias para garantizar la protecci\u00f3n de los datos de car\u00e1cter personal y evitar su alteraci\u00f3n, p\u00e9rdida, tratamiento y\/o acceso no autorizado, de acuerdo al estado de la t\u00e9cnica, valoraci\u00f3n de riesgos y tipolog\u00eda de datos.<\/p>\n<h5><b>PROPIEDAD INTELECTUAL E INDUSTRIAL<\/b><\/h5>\n<p>Mago Equity por s\u00ed o como cesionaria, es titular de todos los derechos de propiedad intelectual e industrial de su p\u00e1gina web, as\u00ed como de los elementos contenidos en la misma (a t\u00edtulo enunciativo, im\u00e1genes, sonido, audio, v\u00eddeo, software o textos; marcas o logotipos, combinaciones de colores, estructura y dise\u00f1o, selecci\u00f3n de materiales usados, programas de ordenador necesarios para su funcionamiento, acceso y uso, etc.), salvo que se indique lo contrario.<\/p>\n<p>Todos los derechos est\u00e1n reservados. En virtud de lo establecido en la Ley de Propiedad Intelectual, queda expresamente prohibida la reproducci\u00f3n, distribuci\u00f3n y comunicaci\u00f3n p\u00fablica, incluida su modalidad de puesta a disposici\u00f3n, de la totalidad o parte de los contenidos de esta p\u00e1gina web, con fines comerciales, en cualquier soporte y por cualquier medio t\u00e9cnico, sin la autorizaci\u00f3n de Mago Equity. El usuario se compromete a respetar los derechos de Propiedad Intelectual e Industrial titularidad de Mago Equity. Podr\u00e1 visualizar los elementos del portal e incluso imprimirlos, copiarlos y almacenarlos en el disco duro de su ordenador o en cualquier otro soporte f\u00edsico siempre y cuando sea, \u00fanica y exclusivamente, para su uso personal y privado, quedando prohibido su uso con fines comerciales o para incurrir en actividades contrarias a la ley. El usuario deber\u00e1 abstenerse de suprimir, alterar, eludir o manipular cualquier dispositivo de protecci\u00f3n o sistema de seguridad que estuviera instalado en las p\u00e1ginas de Mago Equity.<\/p>\n<h5><b>EXENCI\u00d3N DE RESPONSABILIDAD\u00a0<\/b><\/h5>\n<p>Mago Equity no responder\u00e1 de los da\u00f1os o perjuicios causados por decisiones tomadas en base a la informaci\u00f3n difundida por este medio; ni de posibles inexactitudes, omisiones o errores contenidos en el mismo, ni de los problemas que se originen por el uso de este sitio Web u otro de conexi\u00f3n externa; ni de los da\u00f1os y\/o perjuicios en el software o hardware del usuario que se deriven del acceso a este sitio Web, o de la descarga de programas o ficheros difundidos en \u00e9l. Tampoco garantiza ni se responsabiliza de que cualquier informaci\u00f3n disponible en este sitio Web reproduzca exactamente los documentos publicados en papel, ni responder\u00e1 de los enlaces y referencias a otros sitios web ni de la informaci\u00f3n difundida por terceras personas en las que aparezca citado como fuente.<\/p>\n<h5><b>USO DE COOKIES<\/b><\/h5>\n<p>Este sitio web puede utilizar cookies t\u00e9cnicas (peque\u00f1os archivos de informaci\u00f3n que el servidor env\u00eda al ordenador de quien accede a la p\u00e1gina) para llevar a cabo determinadas funciones que son consideradas imprescindibles para el correcto funcionamiento y visualizaci\u00f3n del sitio. Las cookies utilizadas tienen, en todo caso, car\u00e1cter temporal, con la \u00fanica finalidad de hacer m\u00e1s eficaz la navegaci\u00f3n, y desaparecen al terminar la sesi\u00f3n del usuario. En ning\u00fan caso, estas cookies proporcionan por s\u00ed mismas datos de car\u00e1cter personal y no se utilizar\u00e1n para la recogida de los mismos.<\/p>\n<p>Mediante el uso de cookies tambi\u00e9n es posible que el servidor donde se encuentra la web reconozca el navegador utilizado por el usuario con la finalidad de que la navegaci\u00f3n sea m\u00e1s sencilla, permitiendo, por ejemplo, el acceso de los usuarios que se hayan registrado previamente a las \u00e1reas, servicios, promociones o concursos reservados exclusivamente a ellos sin tener que registrarse en cada visita. Tambi\u00e9n se pueden utilizar para medir la audiencia, par\u00e1metros de tr\u00e1fico, controlar el progreso y n\u00famero de entradas, etc., siendo en estos casos cookies prescindibles t\u00e9cnicamente, pero beneficiosas para el usuario. Este sitio web no instalar\u00e1 cookies prescindibles sin el consentimiento previo del usuario.<\/p>\n<p>Este sitio web utiliza cookies propias y de terceros para fines anal\u00edticos y para mostrarle publicidad personalizada en base a un perfil elaborado a partir de sus h\u00e1bitos de navegaci\u00f3n (por ejemplo, p\u00e1ginas visitadas). A todo usuario que visita la web se le informa del uso de estas cookies mediante un banner flotante. En el caso de aceptar su uso, el banner desaparecer\u00e1, aunque en todo momento podr\u00e1 revocar el consentimiento y obtener m\u00e1s informaci\u00f3n consultando nuestra Pol\u00edtica de cookies.<\/p>\n<p>El usuario tiene la posibilidad de configurar su navegador para ser alertado de la recepci\u00f3n de cookies y para impedir su instalaci\u00f3n en su equipo. Por favor, consulte las instrucciones de su navegador para ampliar esta informaci\u00f3n.<\/p>\n<h5><b>POLITICA DE ENLACES<\/b><\/h5>\n<p>Desde el sitio web, es posible que se redirija a contenidos de terceros sitios web. Mago Equity no ejercer\u00e1 ning\u00fan tipo de control sobre los contenidos introducidos por terceros en sus respectivos sitios web, por lo que en ning\u00fan caso asumir\u00e1 responsabilidad alguna respecto a dichos contenidos ni garantizar\u00e1 la disponibilidad t\u00e9cnica, calidad, fiabilidad, exactitud, amplitud, veracidad y validez de cualquier material o informaci\u00f3n contenida en ninguno de dichos hiperv\u00ednculos u otros sitios de Internet.<\/p>\n<h5><b>DIRECCIONES IP<\/b><\/h5>\n<p>Los servidores del sitio web podr\u00e1n detectar de manera autom\u00e1tica la direcci\u00f3n IP y el nombre de dominio utilizados por el usuario. Una direcci\u00f3n IP es un n\u00famero asignado autom\u00e1ticamente a un ordenador cuando este se conecta a Internet. Toda esta informaci\u00f3n se registra en un fichero de actividad del servidor debidamente inscrito que permite el posterior procesamiento de los datos con el fin de obtener mediciones \u00fanicamente estad\u00edsticas que permitan conocer el n\u00famero de impresiones de p\u00e1ginas, el n\u00famero de visitas realizadas a los servidores web, el orden de visitas, el punto de acceso, etc.<\/p>\n<h5><b>LEY APLICABLE Y JURISDICCI\u00d3N<\/b><\/h5>\n<p>Para la resoluci\u00f3n de todas las controversias o cuestiones relacionadas con el presente sitio web o de las actividades en \u00e9l desarrolladas, ser\u00e1 de aplicaci\u00f3n la legislaci\u00f3n espa\u00f1ola, a la que se someten expresamente las partes, siendo competentes para la resoluci\u00f3n de todos los conflictos derivados o relacionados con su uso los Juzgados y Tribunales de Madrid (Espa\u00f1a).<\/p>\n<\/div><\/div><\/div><\/div><\/div><div class=\"fusion-fullwidth fullwidth-box fusion-builder-row-2 fusion-flex-container nonhundred-percent-fullwidth non-hundred-percent-height-scrolling\" style=\"--awb-border-radius-top-left:0px;--awb-border-radius-top-right:0px;--awb-border-radius-bottom-right:0px;--awb-border-radius-bottom-left:0px;--awb-flex-wrap:wrap;\" ><div class=\"fusion-builder-row fusion-row fusion-flex-align-items-flex-start fusion-flex-content-wrap\" style=\"max-width:1248px;margin-left: calc(-4% \/ 2 );margin-right: calc(-4% \/ 2 );\"><div class=\"fusion-layout-column fusion_builder_column fusion-builder-column-1 fusion_builder_column_1_1 1_1 fusion-flex-column\" style=\"--awb-bg-size:cover;--awb-width-large:100%;--awb-margin-top-large:0px;--awb-spacing-right-large:1.92%;--awb-margin-bottom-large:20px;--awb-spacing-left-large:1.92%;--awb-width-medium:100%;--awb-spacing-right-medium:1.92%;--awb-spacing-left-medium:1.92%;--awb-width-small:100%;--awb-spacing-right-small:1.92%;--awb-spacing-left-small:1.92%;\"><div class=\"fusion-column-wrapper fusion-column-has-shadow fusion-flex-justify-content-flex-start fusion-content-layout-column\"><div class=\"fusion-modal modal fade modal-1 newsletter\" tabindex=\"-1\" role=\"dialog\" aria-labelledby=\"modal-heading-1\" aria-hidden=\"true\" style=\"--awb-border-color:rgba(226,226,226,0);--awb-background:#ffffff;\"><div class=\"modal-dialog modal-lg\" role=\"document\"><div class=\"modal-content fusion-modal-content\"><div class=\"modal-header\"><button class=\"close\" type=\"button\" data-dismiss=\"modal\" aria-hidden=\"true\" aria-label=\"Close\">\u00d7<\/button><h3 class=\"modal-title\" id=\"modal-heading-1\" data-dismiss=\"modal\" aria-hidden=\"true\">Subscribe to our newsletter<\/h3><\/div><div class=\"modal-body fusion-clearfix\">\n<script>(function() {\n\twindow.mc4wp = window.mc4wp || {\n\t\tlisteners: [],\n\t\tforms: {\n\t\t\ton: function(evt, cb) {\n\t\t\t\twindow.mc4wp.listeners.push(\n\t\t\t\t\t{\n\t\t\t\t\t\tevent   : evt,\n\t\t\t\t\t\tcallback: cb\n\t\t\t\t\t}\n\t\t\t\t);\n\t\t\t}\n\t\t}\n\t}\n})();\n<\/script><!-- Mailchimp for WordPress v4.12.5 - https:\/\/wordpress.org\/plugins\/mailchimp-for-wp\/ --><form id=\"mc4wp-form-1\" class=\"mc4wp-form mc4wp-form-368\" method=\"post\" data-id=\"368\" data-name=\"\" action=\"\" ><div class=\"mc4wp-form-fields\"><p><label>Name\r\n\t\t<input type=\"text\" name=\"NAME\" required \/>\r\n<\/label><\/p>\r\n<p><label>Email\r\n\t\t<input type=\"email\" name=\"EMAIL\" required \/>\r\n<\/label><\/p>\r\n<p><label><input name=\"AGREE_TO_TERMS\" type=\"checkbox\" value=\"1\" required=\"\">I accept the <a href=\"http:\/\/nnu.9f8.mywebsitetransfer.com\/politica-privacidad\/\">privacy policy<\/a> and I consent to the processing of Mago Equity's data.<\/label><\/p>\r\n<p>\r\n<input type=\"submit\" value=\"Send to\" class=\"wpcf7-form-control wpcf7-submit\" required>\r\n<\/p>\r\n\r\n<p id=\"aviso-legal\">De conformidad con la Ley Org\u00e1nica 3\/2018, de 5 de diciembre, de Protecci\u00f3n de Datos Personales y Garant\u00eda de los Derechos Digitales relativo a la Protecci\u00f3n de las Personas f\u00edsicas, y conforme a las disposiciones reglamentarias reflejadas en el Reglamento (UE) 2016\/679 del Parlamento Europeo y del Consejo, de 27 de abril de 2016, le informamos que sus datos personales ser\u00e1n tratados por Mago Equity con la finalidad de gestionar su solicitud y mantener las relaciones comerciales y profesionales que nos unen a usted. Sus datos no ser\u00e1n cedidos a terceros. Este tratamiento de datos es necesario para atender su solicitud. Sus datos ser\u00e1n eliminados pasado un tiempo prudencial desde que atendamos su solicitud. Usted puede ejercer sus derechos de acceso, rectificaci\u00f3n, supresi\u00f3n, oposici\u00f3n, portabilidad y limitaci\u00f3n del tratamiento de sus datos dirigi\u00e9ndose a Mago Equity, C\/ Jos\u00e9 Abascal, 56 \u2013 Planta 2 28003 Madrid, o a info@magoequity.es, acompa\u00f1ando copia de su DNI. En cualquier caso, usted tiene derecho a no ser objeto de decisiones basadas \u00fanicamente en el tratamiento automatizado de sus datos, as\u00ed como a presentar una reclamaci\u00f3n ante la Agencia Espa\u00f1ola de Protecci\u00f3n de Datos (AEPD).<\/p><\/div><label style=\"display: none !important;\">Leave this field empty if you're human: <input type=\"text\" name=\"_mc4wp_honeypot\" value=\"\" tabindex=\"-1\" autocomplete=\"off\" \/><\/label><input type=\"hidden\" name=\"_mc4wp_timestamp\" value=\"1778853586\" \/><input type=\"hidden\" name=\"_mc4wp_form_id\" value=\"368\" \/><input type=\"hidden\" name=\"_mc4wp_form_element_id\" value=\"mc4wp-form-1\" \/><div class=\"mc4wp-response\"><\/div><input type=\"hidden\" name=\"trp-form-language\" value=\"en\"\/><\/form><!-- \/ Mailchimp for WordPress Plugin -->\n<\/div><\/div><\/div><\/div><\/div><\/div><\/div><\/div>\n<\/p>","protected":false},"excerpt":{"rendered":"","protected":false},"author":1,"featured_media":0,"parent":0,"menu_order":0,"comment_status":"closed","ping_status":"closed","template":"","meta":{"footnotes":""},"class_list":["post-401","page","type-page","status-publish","hentry"],"jetpack_sharing_enabled":true,"_links":{"self":[{"href":"https:\/\/magoequity.es\/en\/wp-json\/wp\/v2\/pages\/401","targetHints":{"allow":["GET"]}}],"collection":[{"href":"https:\/\/magoequity.es\/en\/wp-json\/wp\/v2\/pages"}],"about":[{"href":"https:\/\/magoequity.es\/en\/wp-json\/wp\/v2\/types\/page"}],"author":[{"embeddable":true,"href":"https:\/\/magoequity.es\/en\/wp-json\/wp\/v2\/users\/1"}],"replies":[{"embeddable":true,"href":"https:\/\/magoequity.es\/en\/wp-json\/wp\/v2\/comments?post=401"}],"version-history":[{"count":9,"href":"https:\/\/magoequity.es\/en\/wp-json\/wp\/v2\/pages\/401\/revisions"}],"predecessor-version":[{"id":776,"href":"https:\/\/magoequity.es\/en\/wp-json\/wp\/v2\/pages\/401\/revisions\/776"}],"wp:attachment":[{"href":"https:\/\/magoequity.es\/en\/wp-json\/wp\/v2\/media?parent=401"}],"curies":[{"name":"wp","href":"https:\/\/api.w.org\/{rel}","templated":true}]}}