{"id":499,"date":"2022-10-26T17:48:27","date_gmt":"2022-10-26T15:48:27","guid":{"rendered":"https:\/\/magoequity.es\/?page_id=499"},"modified":"2025-07-19T12:17:46","modified_gmt":"2025-07-19T10:17:46","slug":"mago-equity-fund-i-fcre","status":"publish","type":"page","link":"https:\/\/magoequity.es\/en\/mago-equity-fund-i-fcre\/","title":{"rendered":"Mago Equity Fund I, FCRE"},"content":{"rendered":"<p><div class=\"fusion-fullwidth fullwidth-box fusion-builder-row-1 fusion-flex-container nonhundred-percent-fullwidth non-hundred-percent-height-scrolling\" style=\"--awb-border-radius-top-left:0px;--awb-border-radius-top-right:0px;--awb-border-radius-bottom-right:0px;--awb-border-radius-bottom-left:0px;--awb-flex-wrap:wrap;\" ><div class=\"fusion-builder-row fusion-row fusion-flex-align-items-flex-start fusion-flex-content-wrap\" style=\"max-width:1248px;margin-left: calc(-4% \/ 2 );margin-right: calc(-4% \/ 2 );\"><div class=\"fusion-layout-column fusion_builder_column fusion-builder-column-0 fusion_builder_column_1_2 1_2 fusion-flex-column\" style=\"--awb-bg-size:cover;--awb-width-large:50%;--awb-margin-top-large:0px;--awb-spacing-right-large:3.84%;--awb-margin-bottom-large:20px;--awb-spacing-left-large:3.84%;--awb-width-medium:100%;--awb-spacing-right-medium:1.92%;--awb-spacing-left-medium:1.92%;--awb-width-small:100%;--awb-spacing-right-small:1.92%;--awb-spacing-left-small:1.92%;\"><div class=\"fusion-column-wrapper fusion-column-has-shadow fusion-flex-justify-content-flex-start fusion-content-layout-column\"><div class=\"fusion-text fusion-text-1\"><p>El Fondo tiene como objetivo realizar inversiones sostenibles a trav\u00e9s de la toma de participaciones temporales en empresas espa\u00f1olas con potencial de crecimiento que contribuyen de forma activa a la consecuci\u00f3n de un objetivo ambiental o social de forma primaria y siempre que dicha inversi\u00f3n no perjudique significativamente ning\u00fan otro objetivo ambiental o social. Adem\u00e1s, estas inversiones sostenibles deben seguir de una manera rigurosa las buenas pr\u00e1cticas de gobierno corporativo.<\/p>\n<p>El objetivo de la inversi\u00f3n es doble. Por un lado, se marca como objetivo la obtenci\u00f3n de la rentabilidad financiera de mercado y por otro, se busca contribuir a la generaci\u00f3n de un impacto medioambiental y\/o social positivo neto.<\/p>\n<\/div><\/div><\/div><div class=\"fusion-layout-column fusion_builder_column fusion-builder-column-1 fusion_builder_column_1_2 1_2 fusion-flex-column\" style=\"--awb-bg-size:cover;--awb-width-large:50%;--awb-margin-top-large:0px;--awb-spacing-right-large:3.84%;--awb-margin-bottom-large:20px;--awb-spacing-left-large:3.84%;--awb-width-medium:100%;--awb-spacing-right-medium:1.92%;--awb-spacing-left-medium:1.92%;--awb-width-small:100%;--awb-spacing-right-small:1.92%;--awb-spacing-left-small:1.92%;\"><div class=\"fusion-column-wrapper fusion-column-has-shadow fusion-flex-justify-content-flex-start fusion-content-layout-column\"><div class=\"fusion-text fusion-text-2 caract-fondo\"><h3>Caracter\u00edsticas del fondo<\/h3>\n<ul>\n<li>\n<h3><img decoding=\"async\" class=\"wp-image-507 alignleft\" src=\"https:\/\/magoequity.es\/wp-content\/uploads\/2022\/10\/money-1.png\" alt=\"\" width=\"37\" height=\"37\" \/><\/h3>\n<p><img decoding=\"async\" class=\"alignnone wp-image-511 size-full\" src=\"http:\/\/nnu.9f8.mywebsitetransfer.com\/wp-content\/uploads\/2022\/10\/coin.png\" alt=\"\" width=\"64\" height=\"64\" \/>Inversiones objetivo: 2-10 millones de euros<\/li>\n<li><\/li>\n<li>\n<h3><img decoding=\"async\" class=\"wp-image-514 alignleft\" src=\"https:\/\/magoequity.es\/wp-content\/uploads\/2022\/10\/leaf.png\" alt=\"\" width=\"41\" height=\"41\" \/><\/h3>\n<p><img decoding=\"async\" class=\"alignnone size-full wp-image-514\" src=\"http:\/\/nnu.9f8.mywebsitetransfer.com\/wp-content\/uploads\/2022\/10\/leaf.png\" alt=\"\" width=\"64\" height=\"64\" \/>Clasificaci\u00f3n SFDR: Art. 9 (Dark Green)<\/li>\n<li><\/li>\n<li>\n<h3><img decoding=\"async\" class=\"wp-image-508 alignleft\" src=\"https:\/\/magoequity.es\/wp-content\/uploads\/2022\/10\/balance.png\" alt=\"\" width=\"39\" height=\"39\" \/><\/h3>\n<p>Estructura Legal: Fondo de Capital Riesgo Europeo (FCRE), registrado con el n\u00ba38 en CNMV<\/li>\n<li><\/li>\n<\/ul>\n<\/div><\/div><\/div><\/div><\/div><div class=\"fusion-fullwidth fullwidth-box fusion-builder-row-2 fusion-flex-container nonhundred-percent-fullwidth non-hundred-percent-height-scrolling\" style=\"--awb-border-radius-top-left:0px;--awb-border-radius-top-right:0px;--awb-border-radius-bottom-right:0px;--awb-border-radius-bottom-left:0px;--awb-padding-top:30px;--awb-flex-wrap:wrap;\" ><div class=\"fusion-builder-row fusion-row fusion-flex-align-items-flex-start fusion-flex-content-wrap\" style=\"max-width:1248px;margin-left: calc(-4% \/ 2 );margin-right: calc(-4% \/ 2 );\"><div class=\"fusion-layout-column fusion_builder_column fusion-builder-column-2 fusion_builder_column_1_1 1_1 fusion-flex-column\" style=\"--awb-bg-size:cover;--awb-width-large:100%;--awb-margin-top-large:0px;--awb-spacing-right-large:1.92%;--awb-margin-bottom-large:20px;--awb-spacing-left-large:1.92%;--awb-width-medium:100%;--awb-spacing-right-medium:1.92%;--awb-spacing-left-medium:1.92%;--awb-width-small:100%;--awb-spacing-right-small:1.92%;--awb-spacing-left-small:1.92%;\"><div class=\"fusion-column-wrapper fusion-column-has-shadow fusion-flex-justify-content-flex-start fusion-content-layout-column\"><div class=\"fusion-text fusion-text-3\"><h2>Portfolio<\/h2>\n<\/div><\/div><\/div><div class=\"fusion-layout-column fusion_builder_column fusion-builder-column-3 fusion_builder_column_1_1 1_1 fusion-flex-column\" style=\"--awb-bg-size:cover;--awb-width-large:100%;--awb-margin-top-large:0px;--awb-spacing-right-large:1.92%;--awb-margin-bottom-large:20px;--awb-spacing-left-large:1.92%;--awb-width-medium:100%;--awb-spacing-right-medium:1.92%;--awb-spacing-left-medium:1.92%;--awb-width-small:100%;--awb-spacing-right-small:1.92%;--awb-spacing-left-small:1.92%;\"><div class=\"fusion-column-wrapper fusion-column-has-shadow fusion-flex-justify-content-flex-start fusion-content-layout-column\"><div class=\"fusion-flip-boxes flip-boxes row fusion-columns-3 flip-effect-classic\"><div class=\"fusion-flip-box-wrapper fusion-column col-lg-4 col-md-4 col-sm-4\"><div class=\"fusion-flip-box flip-right\" tabindex=\"0\"><div class=\"flip-box-inner-wrapper\"><div class=\"flip-box-front\" style=\"--awb-background-color-front:#ffffff;--awb-background-image-front:url(&#039;http:\/\/nnu.9f8.mywebsitetransfer.com\/wp-content\/uploads\/2022\/11\/Captura-de-pantalla-2022-11-28-a-las-14.17.48-300x202.png&#039;);\"><div class=\"flip-box-front-inner\"><div class=\"flip-box-grafix flip-box-image\"><img decoding=\"async\" src=\"https:\/\/magoequity.es\/wp-content\/uploads\/2022\/11\/Captura-de-pantalla-2022-11-28-a-las-14.17.48.png\" width=\"509\" height=\"343\" alt=\"\" \/><\/div><\/div><\/div><div class=\"flip-box-back\" style=\"--awb-background-color-back:#ffffff;--awb-text-back-color:rgba(0,0,0,0.8);\"><div class=\"flip-box-back-inner\">\n<ul>\n<li class=\"entry-title fusion-responsive-typography-calculated\" style=\"text-align: center;\" data-fontsize=\"30\" data-lineheight=\"42px\">Ingenier\u00eda enfocada a la Transici\u00f3n energ\u00e9tica (Renovables, Redes, Medioambiente, etc)<\/li>\n<li data-fontsize=\"30\" data-lineheight=\"42px\">Operaci\u00f3n: Growth<\/li>\n<li data-fontsize=\"30\" data-lineheight=\"42px\">Fecha: Julio 2022<\/li>\n<li data-fontsize=\"30\" data-lineheight=\"42px\"><a href=\"https:\/\/www.igneoingenieria.com\">Igneo Ingenieria Sostenible<\/a><\/li>\n<\/ul>\n<\/div><\/div><\/div><\/div><\/div><div class=\"fusion-flip-box-wrapper fusion-column col-lg-4 col-md-4 col-sm-4\"><div class=\"fusion-flip-box flip-right\" tabindex=\"0\"><div class=\"flip-box-inner-wrapper\"><div class=\"flip-box-front\" style=\"--awb-background-color-front:#ffffff;--awb-background-image-front:url(&#039;http:\/\/nnu.9f8.mywebsitetransfer.com\/wp-content\/uploads\/2023\/06\/Captura-de-pantalla-2023-06-02-a-las-11.13.22.png&#039;);\"><div class=\"flip-box-front-inner\"><div class=\"flip-box-grafix flip-box-image\"><img decoding=\"async\" src=\"https:\/\/magoequity.es\/wp-content\/uploads\/2023\/06\/Captura-de-pantalla-2023-06-02-a-las-11.13.22.png\" width=\"386\" height=\"289\" alt=\"\" \/><\/div><\/div><\/div><div class=\"flip-box-back\" style=\"--awb-background-color-back:#ffffff;--awb-text-back-color:rgba(0,0,0,0.8);\"><div class=\"flip-box-back-inner\">\n<ul>\n<li class=\"entry-title fusion-responsive-typography-calculated\" style=\"text-align: center;\" data-fontsize=\"30\" data-lineheight=\"42px\">Consultora Medioambiental<\/li>\n<li data-fontsize=\"30\" data-lineheight=\"42px\">Operaci\u00f3n: Growth<\/li>\n<li data-fontsize=\"30\" data-lineheight=\"42px\">Fecha: Mayo 2023<\/li>\n<li data-fontsize=\"30\" data-lineheight=\"42px\"><a href=\"https:\/\/www.emberizamedioambiente.es\">Emberiza Medioambiente<\/a><\/li>\n<\/ul>\n<\/div><\/div><\/div><\/div><\/div><\/div><\/div><\/div><div class=\"fusion-layout-column fusion_builder_column fusion-builder-column-4 fusion_builder_column_1_1 1_1 fusion-flex-column\" style=\"--awb-bg-size:cover;--awb-width-large:100%;--awb-margin-top-large:0px;--awb-spacing-right-large:1.92%;--awb-margin-bottom-large:20px;--awb-spacing-left-large:1.92%;--awb-width-medium:100%;--awb-spacing-right-medium:1.92%;--awb-spacing-left-medium:1.92%;--awb-width-small:100%;--awb-spacing-right-small:1.92%;--awb-spacing-left-small:1.92%;\"><div class=\"fusion-column-wrapper fusion-column-has-shadow fusion-flex-justify-content-flex-start fusion-content-layout-column\"><div class=\"fusion-text fusion-text-4\"><h2>Sostenibilidad<\/h2>\n<h3>\u00bfQu\u00e9 caracter\u00edsticas tienen que cumplir las inversiones para ser sostenibles?<\/h3>\n<p>Nuestro Fondo Mago Equity Fund I invierte en compa\u00f1\u00edas que est\u00e9n alineadas con los Objetivos de Desarrollo Sostenible de Naciones Unidas. De tal manera que tengan una contribuci\u00f3n positiva hacia la consecuci\u00f3n de dichos objetivos en su actividad, y que para conseguirlo, se haga de una forma respetuosa tanto con el medioambiente como con los grupos de inter\u00e9s con los que interact\u00faa.<\/p>\n<\/div><\/div><\/div><div class=\"fusion-layout-column fusion_builder_column fusion-builder-column-5 fusion_builder_column_1_1 1_1 fusion-flex-column\" style=\"--awb-bg-size:cover;--awb-width-large:100%;--awb-margin-top-large:0px;--awb-spacing-right-large:1.92%;--awb-margin-bottom-large:20px;--awb-spacing-left-large:1.92%;--awb-width-medium:100%;--awb-spacing-right-medium:1.92%;--awb-spacing-left-medium:1.92%;--awb-width-small:100%;--awb-spacing-right-small:1.92%;--awb-spacing-left-small:1.92%;\"><div class=\"fusion-column-wrapper fusion-column-has-shadow fusion-flex-justify-content-flex-start fusion-content-layout-column\"><div class=\"fusion-flip-boxes flip-boxes row fusion-columns-4 flip-effect-classic objetivos-desarrollo\"><div class=\"fusion-flip-box-wrapper fusion-column col-lg-3 col-md-3 col-sm-3\"><div class=\"fusion-flip-box flip-right\" tabindex=\"0\"><div class=\"flip-box-inner-wrapper\"><div class=\"flip-box-front\" style=\"--awb-background-color-front:#4b9f37;\"><div class=\"flip-box-front-inner\"><div class=\"flip-box-grafix flip-box-image\"><img decoding=\"async\" src=\"http:\/\/nnu.9f8.mywebsitetransfer.com\/wp-content\/uploads\/2022\/10\/cardiogram-1.png\" width=\"128\" height=\"128\" alt=\"\" \/><\/div><h2 class=\"flip-box-heading without-text\">3. Salud y bienestar<\/h2><\/div><\/div><div class=\"flip-box-back\" style=\"--awb-background-color-back:#ffffff;--awb-text-back-color:rgba(0,0,0,0.8);\"><div class=\"flip-box-back-inner\">\n<p class=\"entry-title fusion-responsive-typography-calculated\" style=\"text-align: center;\" data-fontsize=\"30\" data-lineheight=\"42px\">Garantizar una vida sana y promover el bienestar para todos en todas las edades<\/p>\n<\/div><\/div><\/div><\/div><\/div><div class=\"fusion-flip-box-wrapper fusion-column col-lg-3 col-md-3 col-sm-3\"><div class=\"fusion-flip-box flip-right\" tabindex=\"0\"><div class=\"flip-box-inner-wrapper\"><div class=\"flip-box-front\" style=\"--awb-background-color-front:#f9c110;\"><div class=\"flip-box-front-inner\"><div class=\"flip-box-grafix flip-box-image\"><img decoding=\"async\" src=\"http:\/\/nnu.9f8.mywebsitetransfer.com\/wp-content\/uploads\/2022\/10\/icono-sdg7.png\" width=\"172\" height=\"166\" alt=\"\" \/><\/div><h2 class=\"flip-box-heading without-text\">7. Energ\u00eda asequible y no contaminante<\/h2><\/div><\/div><div class=\"flip-box-back\" style=\"--awb-background-color-back:#ffffff;--awb-text-back-color:rgba(0,0,0,0.8);\"><div class=\"flip-box-back-inner\">\n<p class=\"entry-title fusion-responsive-typography-calculated\" style=\"text-align: center;\" data-fontsize=\"30\" data-lineheight=\"42px\">Garantizar el acceso a una energ\u00eda asequible, segura, sostenible y moderna<\/p>\n<\/div><\/div><\/div><\/div><\/div><div class=\"fusion-flip-box-wrapper fusion-column col-lg-3 col-md-3 col-sm-3\"><div class=\"fusion-flip-box flip-right\" tabindex=\"0\"><div class=\"flip-box-inner-wrapper\"><div class=\"flip-box-front\" style=\"--awb-background-color-front:#a11842;\"><div class=\"flip-box-front-inner\"><div class=\"flip-box-grafix flip-box-image\"><img decoding=\"async\" src=\"http:\/\/nnu.9f8.mywebsitetransfer.com\/wp-content\/uploads\/2022\/10\/icono-sdg8.png\" width=\"1455\" height=\"1538\" alt=\"\" \/><\/div><h2 class=\"flip-box-heading without-text\">8. trabajo decente y crecimiento econ\u00f3mico<\/h2><\/div><\/div><div class=\"flip-box-back\" style=\"--awb-background-color-back:#ffffff;--awb-text-back-color:rgba(0,0,0,0.8);\"><div class=\"flip-box-back-inner\">\n<p class=\"entry-title fusion-responsive-typography-calculated\" style=\"text-align: center;\" data-fontsize=\"30\" data-lineheight=\"42px\">Promover el crecimiento econ\u00f3mico inclusivo y sostenible, el empleo y el trabajo decente para todos<\/p>\n<\/div><\/div><\/div><\/div><\/div><div class=\"fusion-flip-box-wrapper fusion-column col-lg-3 col-md-3 col-sm-3\"><div class=\"fusion-flip-box flip-right\" tabindex=\"0\"><div class=\"flip-box-inner-wrapper\"><div class=\"flip-box-front\" style=\"--awb-background-color-front:#fd6925;\"><div class=\"flip-box-front-inner\"><div class=\"flip-box-grafix flip-box-image\"><img decoding=\"async\" src=\"http:\/\/nnu.9f8.mywebsitetransfer.com\/wp-content\/uploads\/2022\/10\/icono-sdg9-1.png\" width=\"1537\" height=\"1552\" alt=\"\" \/><\/div><h2 class=\"flip-box-heading without-text\">9. industria innovaci\u00f3n e infraestructura<\/h2><\/div><\/div><div class=\"flip-box-back\" style=\"--awb-background-color-back:#ffffff;--awb-text-back-color:rgba(0,0,0,0.8);\"><div class=\"flip-box-back-inner\">\n<p class=\"entry-title fusion-responsive-typography-calculated\" style=\"text-align: center;\" data-fontsize=\"30\" data-lineheight=\"42px\">Construir infraestructuras resilientes, promover la industrializaci\u00f3n sostenible y fomentar la innovaci\u00f3n<\/p>\n<\/div><\/div><\/div><\/div><\/div><div class=\"fusion-flip-box-wrapper fusion-column col-lg-3 col-md-3 col-sm-3\"><div class=\"fusion-flip-box flip-right\" tabindex=\"0\"><div class=\"flip-box-inner-wrapper\"><div class=\"flip-box-front\" style=\"--awb-background-color-front:#fc9d24;\"><div class=\"flip-box-front-inner\"><div class=\"flip-box-grafix flip-box-image\"><img decoding=\"async\" src=\"http:\/\/nnu.9f8.mywebsitetransfer.com\/wp-content\/uploads\/2022\/10\/icono-sdg11-1.png\" width=\"2054\" height=\"1535\" alt=\"\" \/><\/div><h2 class=\"flip-box-heading without-text\">11. Ciudades y comunidades sostenibles<\/h2><\/div><\/div><div class=\"flip-box-back\" style=\"--awb-background-color-back:#ffffff;--awb-text-back-color:rgba(0,0,0,0.8);\"><div class=\"flip-box-back-inner\">\n<p class=\"entry-title fusion-responsive-typography-calculated\" style=\"text-align: center;\" data-fontsize=\"30\" data-lineheight=\"42px\">Lograr que las ciudades sean m\u00e1s inclusivas, seguras, resilientes y sostenibles<\/p>\n<\/div><\/div><\/div><\/div><\/div><div class=\"fusion-flip-box-wrapper fusion-column col-lg-3 col-md-3 col-sm-3\"><div class=\"fusion-flip-box flip-right\" tabindex=\"0\"><div class=\"flip-box-inner-wrapper\"><div class=\"flip-box-front\" style=\"--awb-background-color-front:#bf8a2e;\"><div class=\"flip-box-front-inner\"><div class=\"flip-box-grafix flip-box-image\"><img decoding=\"async\" src=\"http:\/\/nnu.9f8.mywebsitetransfer.com\/wp-content\/uploads\/2022\/10\/icono-sdg12.png\" width=\"1890\" height=\"958\" alt=\"\" \/><\/div><h2 class=\"flip-box-heading without-text\">12. Producci\u00f3n y consumo responsable<\/h2><\/div><\/div><div class=\"flip-box-back\" style=\"--awb-background-color-back:#ffffff;--awb-text-back-color:rgba(0,0,0,0.8);\"><div class=\"flip-box-back-inner\">\n<p class=\"entry-title fusion-responsive-typography-calculated\" style=\"text-align: center;\" data-fontsize=\"30\" data-lineheight=\"42px\">Garantizar modalidades de consumo y producci\u00f3n sostenibles<\/p>\n<\/div><\/div><\/div><\/div><\/div><div class=\"fusion-flip-box-wrapper fusion-column col-lg-3 col-md-3 col-sm-3\"><div class=\"fusion-flip-box flip-right\" tabindex=\"0\"><div class=\"flip-box-inner-wrapper\"><div class=\"flip-box-front\" style=\"--awb-background-color-front:#47753c;\"><div class=\"flip-box-front-inner\"><div class=\"flip-box-grafix flip-box-image\"><img decoding=\"async\" src=\"http:\/\/nnu.9f8.mywebsitetransfer.com\/wp-content\/uploads\/2022\/10\/icono-sdg13.png\" width=\"2237\" height=\"1141\" alt=\"\" \/><\/div><h2 class=\"flip-box-heading without-text\">13. acci\u00f3n por el clima<\/h2><\/div><\/div><div class=\"flip-box-back\" style=\"--awb-background-color-back:#ffffff;--awb-text-back-color:rgba(0,0,0,0.8);\"><div class=\"flip-box-back-inner\">\n<p class=\"entry-title fusion-responsive-typography-calculated\" style=\"text-align: center;\" data-fontsize=\"30\" data-lineheight=\"42px\">Adoptar medidas urgentes para combatir el cambio clim\u00e1tico y sus efectos<\/p>\n<\/div><\/div><\/div><\/div><\/div><\/div><\/div><\/div><div class=\"fusion-layout-column fusion_builder_column fusion-builder-column-6 fusion_builder_column_1_2 1_2 fusion-flex-column framed-content\" style=\"--awb-bg-size:cover;--awb-width-large:50%;--awb-margin-top-large:0px;--awb-spacing-right-large:3.84%;--awb-margin-bottom-large:20px;--awb-spacing-left-large:3.84%;--awb-width-medium:100%;--awb-spacing-right-medium:1.92%;--awb-spacing-left-medium:1.92%;--awb-width-small:100%;--awb-spacing-right-small:1.92%;--awb-spacing-left-small:1.92%;\"><div class=\"fusion-column-wrapper fusion-column-has-shadow fusion-flex-justify-content-flex-start fusion-content-layout-column\"><div class=\"fusion-text fusion-text-5\"><h3>\u00bfC\u00f3mo evaluar, medir y controlar el impacto de las inversiones sostenibles?<\/h3>\n<p>En Mago Equity estamos convencidos que el marco que establecen los Objetivos de Desarrollo Sostenible permiten una homogeneizaci\u00f3n de los impactos que obtienen cada una de nuestras inversiones y que nuestros inversores puedan conocer como dichas compa\u00f1\u00edas est\u00e1n contribuyendo de manera positiva.<\/p>\n<p>Para ello, establecemos unos objetivos primarios que sean relevantes para la actividad de la participada y que medimos en base a indicadores que se basan en nuestro conocimiento del mundo de la sostenibilidad y la metodolog\u00eda que mejor se adapte al impacto de la compa\u00f1\u00eda.<\/p>\n<p>Para nosotros como inversores es clave hacer un seguimiento que permita controlar el impacto realmente alcanzado, y es por ello que establecemos mecanismos de control a nivel del Consejo de Administraci\u00f3n que tendr\u00e1 la tarea de realizar dicho seguimiento.<\/p>\n<\/div><\/div><\/div><div class=\"fusion-layout-column fusion_builder_column fusion-builder-column-7 fusion_builder_column_1_2 1_2 fusion-flex-column framed-content\" style=\"--awb-bg-size:cover;--awb-width-large:50%;--awb-margin-top-large:0px;--awb-spacing-right-large:3.84%;--awb-margin-bottom-large:20px;--awb-spacing-left-large:3.84%;--awb-width-medium:100%;--awb-spacing-right-medium:1.92%;--awb-spacing-left-medium:1.92%;--awb-width-small:100%;--awb-spacing-right-small:1.92%;--awb-spacing-left-small:1.92%;\"><div class=\"fusion-column-wrapper fusion-column-has-shadow fusion-flex-justify-content-flex-start fusion-content-layout-column\"><div class=\"fusion-text fusion-text-6\"><h3>Principales Incidencias Adversas (PIAs)<\/h3>\n<p style=\"font-weight: 400;\">Este producto financiero tiene en cuenta las principales incidencias adversas sobre los factores de sostenibilidad a la hora de adoptar decisiones de inversi\u00f3n, de acuerdo a lo establecido en el Art.4.1 de la SFDR.<\/p>\n<p style=\"font-weight: 400;\">Este procedimiento se lleva a cabo a trav\u00e9s de la evaluaci\u00f3n de los riesgos Ambientales, Sociales y de Gobernanza (ASG) de la Diligencia Debida dentro del proceso de inversi\u00f3n. Esta evaluaci\u00f3n nos facilita la identificaci\u00f3n de los riesgos ASG en cada oportunidad de inversi\u00f3n, y nos permite desarrollar un plan de mejora a implementar durante el periodo de la inversi\u00f3n.<\/p>\n<p style=\"font-weight: 400;\">Para ello, hacemos el seguimiento de indicadores (KPIs) medioambientales y sociales, incluyendo los indicadores de la tabla 1 del Anexo I de las RTS, que, a trav\u00e9s de la informaci\u00f3n publicada de los emisores en los que invierte, permite hacer una valoraci\u00f3n de los efectos negativos que las inversiones realizadas por este Fondo pueden causar hacia el exterior.<\/p>\n<p><a href=\"https:\/\/magoequity.es\/wp-content\/uploads\/2023\/09\/Informe-PIAS-Mago-Equity-2023.pdf\">Informe PIAS Mago Equity 2022<\/a><\/p>\n<p><a href=\"https:\/\/magoequity.es\/wp-content\/uploads\/2024\/07\/Informe-PIAS-Mago-Equity2024.pdf\">Informe PIAS Mago Equity 2023<\/a><\/p>\n<p><a href=\"https:\/\/magoequity.es\/wp-content\/uploads\/2025\/07\/Informe-PIAs-Mago-Equity-2024-1.pdf\">Informe PIAS Mago Equity 2024<\/a><\/p>\n<\/div><\/div><\/div><div class=\"fusion-layout-column fusion_builder_column fusion-builder-column-8 fusion_builder_column_1_1 1_1 fusion-flex-column framed-content\" style=\"--awb-bg-size:cover;--awb-width-large:100%;--awb-margin-top-large:0px;--awb-spacing-right-large:1.92%;--awb-margin-bottom-large:40px;--awb-spacing-left-large:1.92%;--awb-width-medium:100%;--awb-spacing-right-medium:1.92%;--awb-spacing-left-medium:1.92%;--awb-width-small:100%;--awb-spacing-right-small:1.92%;--awb-spacing-left-small:1.92%;\"><div class=\"fusion-column-wrapper fusion-column-has-shadow fusion-flex-justify-content-flex-start fusion-content-layout-column\"><div class=\"fusion-text fusion-text-7\"><h3>Otra informaci\u00f3n<\/h3>\n<p>Puede encontrar m\u00e1s informaci\u00f3n en la secci\u00f3n de <a href=\"https:\/\/magoequity.es\/en\/transparencia\/\">Transparency<\/a> de nuestra p\u00e1gina web, donde encontrar\u00e1 nuestra Pol\u00edtica de Remuneraci\u00f3n, el DFI, el C\u00f3digo \u00e9tico y nuestra Normativa ESG.<\/p>\n<\/div><\/div><\/div><\/div><\/div><\/p>","protected":false},"excerpt":{"rendered":"","protected":false},"author":1,"featured_media":0,"parent":0,"menu_order":0,"comment_status":"closed","ping_status":"closed","template":"","meta":{"footnotes":""},"class_list":["post-499","page","type-page","status-publish","hentry"],"jetpack_sharing_enabled":true,"_links":{"self":[{"href":"https:\/\/magoequity.es\/en\/wp-json\/wp\/v2\/pages\/499","targetHints":{"allow":["GET"]}}],"collection":[{"href":"https:\/\/magoequity.es\/en\/wp-json\/wp\/v2\/pages"}],"about":[{"href":"https:\/\/magoequity.es\/en\/wp-json\/wp\/v2\/types\/page"}],"author":[{"embeddable":true,"href":"https:\/\/magoequity.es\/en\/wp-json\/wp\/v2\/users\/1"}],"replies":[{"embeddable":true,"href":"https:\/\/magoequity.es\/en\/wp-json\/wp\/v2\/comments?post=499"}],"version-history":[{"count":44,"href":"https:\/\/magoequity.es\/en\/wp-json\/wp\/v2\/pages\/499\/revisions"}],"predecessor-version":[{"id":786,"href":"https:\/\/magoequity.es\/en\/wp-json\/wp\/v2\/pages\/499\/revisions\/786"}],"wp:attachment":[{"href":"https:\/\/magoequity.es\/en\/wp-json\/wp\/v2\/media?parent=499"}],"curies":[{"name":"wp","href":"https:\/\/api.w.org\/{rel}","templated":true}]}}