{"id":611,"date":"2022-11-27T13:40:08","date_gmt":"2022-11-27T12:40:08","guid":{"rendered":"https:\/\/magoequity.es\/?page_id=611"},"modified":"2024-03-14T11:56:09","modified_gmt":"2024-03-14T10:56:09","slug":"fondos-gestionados","status":"publish","type":"page","link":"https:\/\/magoequity.es\/en\/fondos-gestionados\/","title":{"rendered":"Managed funds"},"content":{"rendered":"<div class=\"fusion-fullwidth fullwidth-box fusion-builder-row-1 fusion-flex-container nonhundred-percent-fullwidth non-hundred-percent-height-scrolling\" style=\"--awb-border-radius-top-left:0px;--awb-border-radius-top-right:0px;--awb-border-radius-bottom-right:0px;--awb-border-radius-bottom-left:0px;--awb-margin-bottom:40px;--awb-flex-wrap:wrap;\" ><div class=\"fusion-builder-row fusion-row fusion-flex-align-items-flex-start fusion-flex-content-wrap\" style=\"max-width:1248px;margin-left: calc(-4% \/ 2 );margin-right: calc(-4% \/ 2 );\"><div class=\"fusion-layout-column fusion_builder_column fusion-builder-column-0 fusion_builder_column_1_2 1_2 fusion-flex-column fusion-column-inner-bg-wrapper hp-card\" style=\"--awb-inner-bg-size:cover;--awb-width-large:50%;--awb-margin-top-large:0px;--awb-spacing-right-large:3.84%;--awb-margin-bottom-large:20px;--awb-spacing-left-large:3.84%;--awb-width-medium:100%;--awb-spacing-right-medium:1.92%;--awb-spacing-left-medium:1.92%;--awb-width-small:100%;--awb-spacing-right-small:1.92%;--awb-spacing-left-small:1.92%;\"><span class=\"fusion-column-inner-bg hover-type-none\"><a class=\"fusion-column-anchor\" href=\"https:\/\/magoequity.es\/en\/mago-equity-fund-i-fcre\/\"><span class=\"fusion-column-inner-bg-image\"><\/span><\/a><\/span><div class=\"fusion-column-wrapper fusion-column-has-shadow fusion-flex-justify-content-flex-start fusion-content-layout-column\"><div class=\"fusion-image-element\" style=\"--awb-caption-title-font-family:var(--h2_typography-font-family);--awb-caption-title-font-weight:var(--h2_typography-font-weight);--awb-caption-title-font-style:var(--h2_typography-font-style);--awb-caption-title-size:var(--h2_typography-font-size);--awb-caption-title-transform:var(--h2_typography-text-transform);--awb-caption-title-line-height:var(--h2_typography-line-height);--awb-caption-title-letter-spacing:var(--h2_typography-letter-spacing);\"><span class=\"fusion-imageframe imageframe-none imageframe-1 hover-type-none\"><img decoding=\"async\" width=\"937\" height=\"556\" title=\"mago-i (1)\" src=\"https:\/\/magoequity.es\/wp-content\/uploads\/2022\/11\/mago-i-1.jpg\" alt class=\"img-responsive wp-image-616\" srcset=\"https:\/\/magoequity.es\/wp-content\/uploads\/2022\/11\/mago-i-1-200x119.jpg 200w, https:\/\/magoequity.es\/wp-content\/uploads\/2022\/11\/mago-i-1-400x237.jpg 400w, https:\/\/magoequity.es\/wp-content\/uploads\/2022\/11\/mago-i-1-600x356.jpg 600w, https:\/\/magoequity.es\/wp-content\/uploads\/2022\/11\/mago-i-1-800x475.jpg 800w, https:\/\/magoequity.es\/wp-content\/uploads\/2022\/11\/mago-i-1.jpg 937w\" sizes=\"(max-width: 1024px) 100vw, (max-width: 640px) 100vw, 600px\" \/><\/span><\/div><div class=\"fusion-text fusion-text-1\"><h3>Mago Equity Fund I, FCRE<\/h3>\n<p>El Fondo tiene como objetivo realizar inversiones sostenibles a trav\u00e9s de la toma de participaciones temporales en empresas con potencial de crecimento espa\u00f1olas que contribuyen de forma activa a la consecuci\u00f3n de un objetivo ambiental o social.<\/p>\n<\/div><\/div><\/div><\/div><\/div>","protected":false},"excerpt":{"rendered":"","protected":false},"author":1,"featured_media":0,"parent":0,"menu_order":0,"comment_status":"closed","ping_status":"closed","template":"","meta":{"footnotes":""},"class_list":["post-611","page","type-page","status-publish","hentry"],"jetpack_sharing_enabled":true,"_links":{"self":[{"href":"https:\/\/magoequity.es\/en\/wp-json\/wp\/v2\/pages\/611","targetHints":{"allow":["GET"]}}],"collection":[{"href":"https:\/\/magoequity.es\/en\/wp-json\/wp\/v2\/pages"}],"about":[{"href":"https:\/\/magoequity.es\/en\/wp-json\/wp\/v2\/types\/page"}],"author":[{"embeddable":true,"href":"https:\/\/magoequity.es\/en\/wp-json\/wp\/v2\/users\/1"}],"replies":[{"embeddable":true,"href":"https:\/\/magoequity.es\/en\/wp-json\/wp\/v2\/comments?post=611"}],"version-history":[{"count":10,"href":"https:\/\/magoequity.es\/en\/wp-json\/wp\/v2\/pages\/611\/revisions"}],"predecessor-version":[{"id":736,"href":"https:\/\/magoequity.es\/en\/wp-json\/wp\/v2\/pages\/611\/revisions\/736"}],"wp:attachment":[{"href":"https:\/\/magoequity.es\/en\/wp-json\/wp\/v2\/media?parent=611"}],"curies":[{"name":"wp","href":"https:\/\/api.w.org\/{rel}","templated":true}]}}